{"id":14933,"date":"2023-12-05T10:59:51","date_gmt":"2023-12-05T10:59:51","guid":{"rendered":"https:\/\/ppr.bm-cat.com\/dz\/product\/bh130-intelligent\/"},"modified":"2024-04-02T02:00:40","modified_gmt":"2024-04-02T02:00:40","slug":"bh130-intelligent","status":"publish","type":"product","link":"https:\/\/bm-cat.com\/dz\/produit\/bh130-intelligent\/","title":{"rendered":"BH130, Intelligent"},"content":{"rendered":"<p>Les pelles r\u00e9troCat\u00ae sont utilis\u00e9es dans des applications classiques dans des environnements industriels, de construction ou d&rsquo;am\u00e9nagement des sites: creusement de rigoles, de fondations, de tranch\u00e9es d&rsquo;\u00e9coulement, ou encore op\u00e9rations de voirie, de remblayage, d&rsquo;entretien des talus et des remblais. Elles sont id\u00e9ales pour d\u00e9truire du b\u00e9ton lorsqu&rsquo;elles sont associ\u00e9es aux Marteaux Cat.<\/p>\n","protected":false},"excerpt":{"rendered":"<p>Utilis\u00e9es dans des applications classiques dans des environnements industriels, de construction ou d&rsquo;am\u00e9nagement des sites: creusement de rigoles, de fondations, de tranch\u00e9es d&rsquo;\u00e9coulement, ou encore op\u00e9rations de voirie, de remblayage, d&rsquo;entretien des talus et des remblais.<\/p>\n","protected":false},"featured_media":0,"comment_status":"open","ping_status":"closed","template":"","meta":{"_acf_changed":false,"_sitemap_exclude":false,"_sitemap_priority":"","_sitemap_frequency":""},"product_feature":[],"product_cat":[1019],"product_tag":[],"class_list":{"0":"post-14933","1":"product","2":"type-product","3":"status-publish","5":"product_cat-pelles-retro-pelles-retro","7":"first","8":"instock","9":"shipping-taxable","10":"product-type-simple"},"acf":[],"_links":{"self":[{"href":"https:\/\/bm-cat.com\/dz\/wp-json\/wp\/v2\/product\/14933","targetHints":{"allow":["GET"]}}],"collection":[{"href":"https:\/\/bm-cat.com\/dz\/wp-json\/wp\/v2\/product"}],"about":[{"href":"https:\/\/bm-cat.com\/dz\/wp-json\/wp\/v2\/types\/product"}],"replies":[{"embeddable":true,"href":"https:\/\/bm-cat.com\/dz\/wp-json\/wp\/v2\/comments?post=14933"}],"wp:attachment":[{"href":"https:\/\/bm-cat.com\/dz\/wp-json\/wp\/v2\/media?parent=14933"}],"wp:term":[{"taxonomy":"product_feature","embeddable":true,"href":"https:\/\/bm-cat.com\/dz\/wp-json\/wp\/v2\/product_feature?post=14933"},{"taxonomy":"product_cat","embeddable":true,"href":"https:\/\/bm-cat.com\/dz\/wp-json\/wp\/v2\/product_cat?post=14933"},{"taxonomy":"product_tag","embeddable":true,"href":"https:\/\/bm-cat.com\/dz\/wp-json\/wp\/v2\/product_tag?post=14933"}],"curies":[{"name":"wp","href":"https:\/\/api.w.org\/{rel}","templated":true}]}}