{"id":15018,"date":"2023-12-05T13:41:36","date_gmt":"2023-12-05T13:41:36","guid":{"rendered":"https:\/\/ppr.bm-cat.com\/dz\/product\/3-505-mm-138-in-lame-de-refoulement-a-amortisseur\/"},"modified":"2024-04-02T02:01:14","modified_gmt":"2024-04-02T02:01:14","slug":"3-505-mm-138-in-lame-de-refoulement-a-amortisseur","status":"publish","type":"product","link":"https:\/\/bm-cat.com\/dz\/produit\/3-505-mm-138-in-lame-de-refoulement-a-amortisseur\/","title":{"rendered":"3\u00a0505\u00a0mm (138\u00a0in), lame de refoulement \u00e0 amortisseur"},"content":{"rendered":"<p>LAME DE REFOULEMENT \u00c0 AMORTISSEUR, 138&Prime;, lame de refoulement \u00e0 amortisseur, 138&Prime; de large Requiert des v\u00e9rins de levage, des ancrages de v\u00e9rin, des canalisations hydrauliques et des protections de tourillons Requiert l&rsquo;ensemble mat\u00e9riel 230-7081 D10R requiert l&rsquo;installation en usine des tourillons 207-5484 D10T requiert l&rsquo;installation en usine des tourillons<\/p>\n","protected":false},"excerpt":{"rendered":"<p>LAME DE REFOULEMENT \u00c0 AMORTISSEUR, 138&Prime;, lame de refoulement \u00e0 amortisseur, 138&Prime; de large Requiert des v\u00e9rins de levage, des ancrages de v\u00e9rin, des canalisations hydrauliques et des protections de tourillons Requiert l&rsquo;ensemble mat\u00e9riel 230-7081 D10R requiert l&rsquo;installation en usine des tourillons 207-5484 D10T requiert l&rsquo;installation en usine des tourillons<\/p>\n","protected":false},"featured_media":0,"comment_status":"open","ping_status":"closed","template":"","meta":{"_acf_changed":false,"_sitemap_exclude":false,"_sitemap_priority":"","_sitemap_frequency":""},"product_feature":[],"product_cat":[641],"product_tag":[],"class_list":{"0":"post-15018","1":"product","2":"type-product","3":"status-publish","5":"product_cat-lames-de-refoulement-a-amortisseur","7":"first","8":"instock","9":"shipping-taxable","10":"product-type-simple"},"acf":[],"_links":{"self":[{"href":"https:\/\/bm-cat.com\/dz\/wp-json\/wp\/v2\/product\/15018","targetHints":{"allow":["GET"]}}],"collection":[{"href":"https:\/\/bm-cat.com\/dz\/wp-json\/wp\/v2\/product"}],"about":[{"href":"https:\/\/bm-cat.com\/dz\/wp-json\/wp\/v2\/types\/product"}],"replies":[{"embeddable":true,"href":"https:\/\/bm-cat.com\/dz\/wp-json\/wp\/v2\/comments?post=15018"}],"wp:attachment":[{"href":"https:\/\/bm-cat.com\/dz\/wp-json\/wp\/v2\/media?parent=15018"}],"wp:term":[{"taxonomy":"product_feature","embeddable":true,"href":"https:\/\/bm-cat.com\/dz\/wp-json\/wp\/v2\/product_feature?post=15018"},{"taxonomy":"product_cat","embeddable":true,"href":"https:\/\/bm-cat.com\/dz\/wp-json\/wp\/v2\/product_cat?post=15018"},{"taxonomy":"product_tag","embeddable":true,"href":"https:\/\/bm-cat.com\/dz\/wp-json\/wp\/v2\/product_tag?post=15018"}],"curies":[{"name":"wp","href":"https:\/\/api.w.org\/{rel}","templated":true}]}}