{"id":15114,"date":"2023-12-06T05:17:08","date_gmt":"2023-12-06T05:17:08","guid":{"rendered":"https:\/\/ppr.bm-cat.com\/dz\/product\/13m3-17yd3-a-claveter\/"},"modified":"2024-04-02T02:02:15","modified_gmt":"2024-04-02T02:02:15","slug":"13m3-17yd3-a-claveter","status":"publish","type":"product","link":"https:\/\/bm-cat.com\/dz\/produit\/13m3-17yd3-a-claveter\/","title":{"rendered":"1,3m3 (1,7yd3), \u00e0 claveter"},"content":{"rendered":"<p>Les godets tous-travaux pour chargeuses-pelleteuses Cat\u00ae offrent une excellente polyvalence car ils permettent de r\u00e9aliser de multiples t\u00e2ches avec un seul outil de travail. Ce godet convient id\u00e9alement aux op\u00e9rations de manutention, de serrage, d&rsquo;aplanissement, de nivellement et de saisie d&rsquo;objets de forme irr\u00e9guli\u00e8re.<\/p>\n","protected":false},"excerpt":{"rendered":"<p>Excellente polyvalence en mati\u00e8re de manutention, serrage, refoulement, aplanissement, nivellement et d\u00e9chargement.<\/p>\n","protected":false},"featured_media":0,"comment_status":"open","ping_status":"closed","template":"","meta":{"_acf_changed":false,"_sitemap_exclude":false,"_sitemap_priority":"","_sitemap_frequency":""},"product_feature":[],"product_cat":[1027],"product_tag":[],"class_list":{"0":"post-15114","1":"product","2":"type-product","3":"status-publish","5":"product_cat-godets-tous-travaux-godets-avant-de-pelle-chargeuse","7":"first","8":"instock","9":"shipping-taxable","10":"product-type-simple"},"acf":[],"_links":{"self":[{"href":"https:\/\/bm-cat.com\/dz\/wp-json\/wp\/v2\/product\/15114","targetHints":{"allow":["GET"]}}],"collection":[{"href":"https:\/\/bm-cat.com\/dz\/wp-json\/wp\/v2\/product"}],"about":[{"href":"https:\/\/bm-cat.com\/dz\/wp-json\/wp\/v2\/types\/product"}],"replies":[{"embeddable":true,"href":"https:\/\/bm-cat.com\/dz\/wp-json\/wp\/v2\/comments?post=15114"}],"wp:attachment":[{"href":"https:\/\/bm-cat.com\/dz\/wp-json\/wp\/v2\/media?parent=15114"}],"wp:term":[{"taxonomy":"product_feature","embeddable":true,"href":"https:\/\/bm-cat.com\/dz\/wp-json\/wp\/v2\/product_feature?post=15114"},{"taxonomy":"product_cat","embeddable":true,"href":"https:\/\/bm-cat.com\/dz\/wp-json\/wp\/v2\/product_cat?post=15114"},{"taxonomy":"product_tag","embeddable":true,"href":"https:\/\/bm-cat.com\/dz\/wp-json\/wp\/v2\/product_tag?post=15114"}],"curies":[{"name":"wp","href":"https:\/\/api.w.org\/{rel}","templated":true}]}}