{"id":16060,"date":"2023-12-08T07:46:30","date_gmt":"2023-12-08T07:46:30","guid":{"rendered":"https:\/\/ppr.bm-cat.com\/dz\/product\/cat-grade-assist-pour-pelles-hydrauliques\/"},"modified":"2024-03-05T22:28:36","modified_gmt":"2024-03-05T22:28:36","slug":"cat-grade-assist-pour-pelles-hydrauliques","status":"publish","type":"product","link":"https:\/\/bm-cat.com\/dz\/produit\/cat-grade-assist-pour-pelles-hydrauliques\/","title":{"rendered":"Cat Grade Assist pour pelles hydrauliques"},"content":{"rendered":"<p>Le syst\u00e8me Cat Grade Assist pour pelles hydrauliques automatise les mouvements de la fl\u00e8che et du bras pour r\u00e9aliser des d\u00e9coupes plus pr\u00e9cises avec un minimum d&rsquo;efforts. Le syst\u00e8me Grade Assist permet l&rsquo;excavation \u00e0 levier unique en se basant sur les donn\u00e9es transmises par les capteurs de position int\u00e9gr\u00e9s \u00e0 la machine ainsi que sur les param\u00e8tres de profondeur et d&rsquo;inclinaison d\u00e9finis par le conducteur.<\/p>\n","protected":false},"excerpt":{"rendered":"<p>Le syst\u00e8me Cat Grade Assist pour pelles hydrauliques automatise les mouvements de la fl\u00e8che et du bras pour r\u00e9aliser des d\u00e9coupes plus pr\u00e9cises avec un minimum d&rsquo;efforts. Le syst\u00e8me Grade Assist permet l&rsquo;excavation \u00e0 levier unique en se basant sur les donn\u00e9es transmises par les capteurs de position int\u00e9gr\u00e9s \u00e0 la machine ainsi que sur les param\u00e8tres de profondeur et d&rsquo;inclinaison d\u00e9finis par le conducteur.<\/p>\n","protected":false},"featured_media":0,"comment_status":"open","ping_status":"closed","template":"","meta":{"_acf_changed":false,"_sitemap_exclude":false,"_sitemap_priority":"","_sitemap_frequency":""},"product_feature":[],"product_cat":[985],"product_tag":[],"class_list":{"0":"post-16060","1":"product","2":"type-product","3":"status-publish","5":"product_cat-assist-assist","7":"first","8":"instock","9":"shipping-taxable","10":"product-type-simple"},"acf":[],"_links":{"self":[{"href":"https:\/\/bm-cat.com\/dz\/wp-json\/wp\/v2\/product\/16060","targetHints":{"allow":["GET"]}}],"collection":[{"href":"https:\/\/bm-cat.com\/dz\/wp-json\/wp\/v2\/product"}],"about":[{"href":"https:\/\/bm-cat.com\/dz\/wp-json\/wp\/v2\/types\/product"}],"replies":[{"embeddable":true,"href":"https:\/\/bm-cat.com\/dz\/wp-json\/wp\/v2\/comments?post=16060"}],"wp:attachment":[{"href":"https:\/\/bm-cat.com\/dz\/wp-json\/wp\/v2\/media?parent=16060"}],"wp:term":[{"taxonomy":"product_feature","embeddable":true,"href":"https:\/\/bm-cat.com\/dz\/wp-json\/wp\/v2\/product_feature?post=16060"},{"taxonomy":"product_cat","embeddable":true,"href":"https:\/\/bm-cat.com\/dz\/wp-json\/wp\/v2\/product_cat?post=16060"},{"taxonomy":"product_tag","embeddable":true,"href":"https:\/\/bm-cat.com\/dz\/wp-json\/wp\/v2\/product_tag?post=16060"}],"curies":[{"name":"wp","href":"https:\/\/api.w.org\/{rel}","templated":true}]}}