{"id":16073,"date":"2023-12-08T07:46:48","date_gmt":"2023-12-08T07:46:48","guid":{"rendered":"https:\/\/ppr.bm-cat.com\/dz\/product\/cat-load-assist-pour-decapeuses-automotrices-sur-pneus\/"},"modified":"2024-03-05T22:28:42","modified_gmt":"2024-03-05T22:28:42","slug":"cat-load-assist-pour-decapeuses-automotrices-sur-pneus","status":"publish","type":"product","link":"https:\/\/bm-cat.com\/dz\/produit\/cat-load-assist-pour-decapeuses-automotrices-sur-pneus\/","title":{"rendered":"Cat Load Assist pour d\u00e9capeuses automotrices sur pneus"},"content":{"rendered":"<p>Cat\u00ae Load Assist pour d\u00e9capeuses automotrices sur pneus automatise le chargement de la benne au moyen de la simple pression d&rsquo;un bouton. D\u00e8s que la machine se rapproche du d\u00e9blai, le conducteur active Load Assist pour automatiser la commande de la hauteur de la lame de coupe.<\/p>\n","protected":false},"excerpt":{"rendered":"<p>Cat\u00ae Load Assist pour d\u00e9capeuses automotrices sur pneus automatise le chargement de la benne au moyen de la simple pression d&rsquo;un bouton. D\u00e8s que la machine se rapproche du d\u00e9blai, le conducteur active Load Assist pour automatiser la commande de la hauteur de la lame de coupe.<\/p>\n","protected":false},"featured_media":0,"comment_status":"open","ping_status":"closed","template":"","meta":{"_acf_changed":false,"_sitemap_exclude":false,"_sitemap_priority":"","_sitemap_frequency":""},"product_feature":[],"product_cat":[985],"product_tag":[],"class_list":{"0":"post-16073","1":"product","2":"type-product","3":"status-publish","5":"product_cat-assist-assist","7":"first","8":"instock","9":"shipping-taxable","10":"product-type-simple"},"acf":[],"_links":{"self":[{"href":"https:\/\/bm-cat.com\/dz\/wp-json\/wp\/v2\/product\/16073","targetHints":{"allow":["GET"]}}],"collection":[{"href":"https:\/\/bm-cat.com\/dz\/wp-json\/wp\/v2\/product"}],"about":[{"href":"https:\/\/bm-cat.com\/dz\/wp-json\/wp\/v2\/types\/product"}],"replies":[{"embeddable":true,"href":"https:\/\/bm-cat.com\/dz\/wp-json\/wp\/v2\/comments?post=16073"}],"wp:attachment":[{"href":"https:\/\/bm-cat.com\/dz\/wp-json\/wp\/v2\/media?parent=16073"}],"wp:term":[{"taxonomy":"product_feature","embeddable":true,"href":"https:\/\/bm-cat.com\/dz\/wp-json\/wp\/v2\/product_feature?post=16073"},{"taxonomy":"product_cat","embeddable":true,"href":"https:\/\/bm-cat.com\/dz\/wp-json\/wp\/v2\/product_cat?post=16073"},{"taxonomy":"product_tag","embeddable":true,"href":"https:\/\/bm-cat.com\/dz\/wp-json\/wp\/v2\/product_tag?post=16073"}],"curies":[{"name":"wp","href":"https:\/\/api.w.org\/{rel}","templated":true}]}}