{"id":16083,"date":"2023-12-08T07:47:04","date_gmt":"2023-12-08T07:47:04","guid":{"rendered":"https:\/\/ppr.bm-cat.com\/dz\/product\/compactage-cat-avec-mdp-machine-drive-power-puissance-dentrainement-de-la-machine\/"},"modified":"2024-03-05T22:28:46","modified_gmt":"2024-03-05T22:28:46","slug":"compactage-cat-avec-mdp-machine-drive-power-puissance-dentrainement-de-la-machine","status":"publish","type":"product","link":"https:\/\/bm-cat.com\/dz\/produit\/compactage-cat-avec-mdp-machine-drive-power-puissance-dentrainement-de-la-machine\/","title":{"rendered":"Compactage Cat avec MDP (Machine Drive Power, puissance d&rsquo;entra\u00eenement de la machine)"},"content":{"rendered":"<p>Machine Drive Power est un syst\u00e8me de mesure bas\u00e9 sur l&rsquo;\u00e9nergie qui met en corr\u00e9lation le compactage avec la r\u00e9sistance au roulement pour fournir une indication de la rigidit\u00e9 du sol. Il int\u00e8gre un syst\u00e8me de cartographie disponible en option, qui aide le conducteur \u00e0 visualiser le travail au fur et \u00e0 mesure de sa r\u00e9alisation, le compacteur peut ainsi couvrir tout le chantier et produire un travail homog\u00e8ne.<\/p>\n","protected":false},"excerpt":{"rendered":"<p>Machine Drive Power est un syst\u00e8me de mesure bas\u00e9 sur l&rsquo;\u00e9nergie qui met en corr\u00e9lation le compactage avec la r\u00e9sistance au roulement pour fournir une indication de la rigidit\u00e9 du sol. Il int\u00e8gre un syst\u00e8me de cartographie disponible en option, qui aide le conducteur \u00e0 visualiser le travail au fur et \u00e0 mesure de sa r\u00e9alisation, le compacteur peut ainsi couvrir tout le chantier et produire un travail homog\u00e8ne.<\/p>\n","protected":false},"featured_media":0,"comment_status":"open","ping_status":"closed","template":"","meta":{"_acf_changed":false,"_sitemap_exclude":false,"_sitemap_priority":"","_sitemap_frequency":""},"product_feature":[],"product_cat":[989],"product_tag":[],"class_list":{"0":"post-16083","1":"product","2":"type-product","3":"status-publish","5":"product_cat-compact-compact","7":"first","8":"instock","9":"shipping-taxable","10":"product-type-simple"},"acf":[],"_links":{"self":[{"href":"https:\/\/bm-cat.com\/dz\/wp-json\/wp\/v2\/product\/16083","targetHints":{"allow":["GET"]}}],"collection":[{"href":"https:\/\/bm-cat.com\/dz\/wp-json\/wp\/v2\/product"}],"about":[{"href":"https:\/\/bm-cat.com\/dz\/wp-json\/wp\/v2\/types\/product"}],"replies":[{"embeddable":true,"href":"https:\/\/bm-cat.com\/dz\/wp-json\/wp\/v2\/comments?post=16083"}],"wp:attachment":[{"href":"https:\/\/bm-cat.com\/dz\/wp-json\/wp\/v2\/media?parent=16083"}],"wp:term":[{"taxonomy":"product_feature","embeddable":true,"href":"https:\/\/bm-cat.com\/dz\/wp-json\/wp\/v2\/product_feature?post=16083"},{"taxonomy":"product_cat","embeddable":true,"href":"https:\/\/bm-cat.com\/dz\/wp-json\/wp\/v2\/product_cat?post=16083"},{"taxonomy":"product_tag","embeddable":true,"href":"https:\/\/bm-cat.com\/dz\/wp-json\/wp\/v2\/product_tag?post=16083"}],"curies":[{"name":"wp","href":"https:\/\/api.w.org\/{rel}","templated":true}]}}