{"id":16098,"date":"2023-12-08T07:47:35","date_gmt":"2023-12-08T07:47:35","guid":{"rendered":"https:\/\/ppr.bm-cat.com\/dz\/product\/cat-inspect\/"},"modified":"2024-03-05T22:28:53","modified_gmt":"2024-03-05T22:28:53","slug":"cat-inspect","status":"publish","type":"product","link":"https:\/\/bm-cat.com\/dz\/produit\/cat-inspect\/","title":{"rendered":"Cat Inspect"},"content":{"rendered":"<p>Cat\u00ae Inspect vous permet d&rsquo;acc\u00e9der aux donn\u00e9es de votre \u00e9quipement sur votre appareil mobile. Cette application facile \u00e0 utiliser vous permet de capturer des donn\u00e9es d&rsquo;inspection et elle s&rsquo;int\u00e8gre \u00e0 vos autres syst\u00e8mes de donn\u00e9es Cat, pour que vous puissiez garder un \u0153il sur votre parc. Plus de un million d&rsquo;inspections sont effectu\u00e9es chaque ann\u00e9e, ce qui est \u00e0 la fois utile et informatif pour les propri\u00e9taires d&rsquo;\u00e9quipement.<\/p>\n","protected":false},"excerpt":{"rendered":"<p>Cat\u00ae Inspect vous permet d&rsquo;acc\u00e9der aux donn\u00e9es de votre \u00e9quipement sur votre appareil mobile. Cette application facile \u00e0 utiliser vous permet de capturer des donn\u00e9es d&rsquo;inspection et elle s&rsquo;int\u00e8gre \u00e0 vos autres syst\u00e8mes de donn\u00e9es Cat, pour que vous puissiez garder un \u0153il sur votre parc. Plus de un million d&rsquo;inspections sont effectu\u00e9es chaque ann\u00e9e, ce qui est \u00e0 la fois utile et informatif pour les propri\u00e9taires d&rsquo;\u00e9quipement.<\/p>\n","protected":false},"featured_media":0,"comment_status":"open","ping_status":"closed","template":"","meta":{"_acf_changed":false,"_sitemap_exclude":false,"_sitemap_priority":"","_sitemap_frequency":""},"product_feature":[],"product_cat":[993],"product_tag":[],"class_list":{"0":"post-16098","1":"product","2":"type-product","3":"status-publish","5":"product_cat-gestion-des-equipements-gestion-des-equipements","7":"first","8":"instock","9":"shipping-taxable","10":"product-type-simple"},"acf":[],"_links":{"self":[{"href":"https:\/\/bm-cat.com\/dz\/wp-json\/wp\/v2\/product\/16098","targetHints":{"allow":["GET"]}}],"collection":[{"href":"https:\/\/bm-cat.com\/dz\/wp-json\/wp\/v2\/product"}],"about":[{"href":"https:\/\/bm-cat.com\/dz\/wp-json\/wp\/v2\/types\/product"}],"replies":[{"embeddable":true,"href":"https:\/\/bm-cat.com\/dz\/wp-json\/wp\/v2\/comments?post=16098"}],"wp:attachment":[{"href":"https:\/\/bm-cat.com\/dz\/wp-json\/wp\/v2\/media?parent=16098"}],"wp:term":[{"taxonomy":"product_feature","embeddable":true,"href":"https:\/\/bm-cat.com\/dz\/wp-json\/wp\/v2\/product_feature?post=16098"},{"taxonomy":"product_cat","embeddable":true,"href":"https:\/\/bm-cat.com\/dz\/wp-json\/wp\/v2\/product_cat?post=16098"},{"taxonomy":"product_tag","embeddable":true,"href":"https:\/\/bm-cat.com\/dz\/wp-json\/wp\/v2\/product_tag?post=16098"}],"curies":[{"name":"wp","href":"https:\/\/api.w.org\/{rel}","templated":true}]}}