{"id":17351,"date":"2023-12-08T18:31:38","date_gmt":"2023-12-08T18:31:38","guid":{"rendered":"https:\/\/ppr.bm-cat.com\/dz\/product\/27-m3-35-yd3-a-claveter-2\/"},"modified":"2024-04-02T02:31:23","modified_gmt":"2024-04-02T02:31:23","slug":"27-m3-35-yd3-a-claveter-2","status":"publish","type":"product","link":"https:\/\/bm-cat.com\/dz\/produit\/27-m3-35-yd3-a-claveter-2\/","title":{"rendered":"2,7 m3 (3,5 yd3), \u00e0 claveter"},"content":{"rendered":"<p>Les godets de chargeuses Cat\u00ae pour sable et gravier des chargeuses sont con\u00e7us pour la manutention des granulats dans les applications de traitement des mat\u00e9riaux en lot \u00e0 l&rsquo;aide d&rsquo;une chargeuse.<\/p>\n","protected":false},"excerpt":{"rendered":"<p>Les godets pour sable et gravier sont con\u00e7us pour la manutention des granulats dans les applications de traitement des mat\u00e9riaux en lot \u00e0 l&rsquo;aide d&rsquo;une chargeuse.<\/p>\n","protected":false},"featured_media":0,"comment_status":"open","ping_status":"closed","template":"","meta":{"_acf_changed":false,"_sitemap_exclude":false,"_sitemap_priority":"","_sitemap_frequency":""},"product_feature":[],"product_cat":[756],"product_tag":[],"class_list":{"0":"post-17351","1":"product","2":"type-product","3":"status-publish","5":"product_cat-godets-pour-sable-et-gravier","7":"first","8":"instock","9":"shipping-taxable","10":"product-type-simple"},"acf":[],"_links":{"self":[{"href":"https:\/\/bm-cat.com\/dz\/wp-json\/wp\/v2\/product\/17351","targetHints":{"allow":["GET"]}}],"collection":[{"href":"https:\/\/bm-cat.com\/dz\/wp-json\/wp\/v2\/product"}],"about":[{"href":"https:\/\/bm-cat.com\/dz\/wp-json\/wp\/v2\/types\/product"}],"replies":[{"embeddable":true,"href":"https:\/\/bm-cat.com\/dz\/wp-json\/wp\/v2\/comments?post=17351"}],"wp:attachment":[{"href":"https:\/\/bm-cat.com\/dz\/wp-json\/wp\/v2\/media?parent=17351"}],"wp:term":[{"taxonomy":"product_feature","embeddable":true,"href":"https:\/\/bm-cat.com\/dz\/wp-json\/wp\/v2\/product_feature?post=17351"},{"taxonomy":"product_cat","embeddable":true,"href":"https:\/\/bm-cat.com\/dz\/wp-json\/wp\/v2\/product_cat?post=17351"},{"taxonomy":"product_tag","embeddable":true,"href":"https:\/\/bm-cat.com\/dz\/wp-json\/wp\/v2\/product_tag?post=17351"}],"curies":[{"name":"wp","href":"https:\/\/api.w.org\/{rel}","templated":true}]}}