{"id":17380,"date":"2023-12-08T18:57:44","date_gmt":"2023-12-08T18:57:44","guid":{"rendered":"https:\/\/ppr.bm-cat.com\/dz\/product\/104-m-136-yd-charbon\/"},"modified":"2024-04-02T02:31:45","modified_gmt":"2024-04-02T02:31:45","slug":"104-m-136-yd-charbon","status":"publish","type":"product","link":"https:\/\/bm-cat.com\/dz\/produit\/104-m-136-yd-charbon\/","title":{"rendered":"10,4\u00a0m (13,6\u00a0yd) charbon"},"content":{"rendered":"<p>Les godets \u00e0 charbon\u00a0Cat sont \u00e9quip\u00e9s de l&rsquo;ensemble d&rsquo;usure pour usage normal, repr\u00e9sent\u00e9 ici en gris, qui utilise des plaques renforc\u00e9es sur l&rsquo;ext\u00e9rieur du godet dans les zones o\u00f9 l&rsquo;usure est la plus \u00e9lev\u00e9e.<\/p>\n","protected":false},"excerpt":{"rendered":"<p>Godets sp\u00e9cifiquement con\u00e7us pour la production et pour la densit\u00e9 et l&rsquo;abrasion inf\u00e9rieure du charbon.<\/p>\n","protected":false},"featured_media":0,"comment_status":"open","ping_status":"closed","template":"","meta":{"_acf_changed":false,"_sitemap_exclude":false,"_sitemap_priority":"","_sitemap_frequency":""},"product_feature":[],"product_cat":[760],"product_tag":[],"class_list":{"0":"post-17380","1":"product","2":"type-product","3":"status-publish","5":"product_cat-godet-charbon","7":"first","8":"instock","9":"shipping-taxable","10":"product-type-simple"},"acf":[],"_links":{"self":[{"href":"https:\/\/bm-cat.com\/dz\/wp-json\/wp\/v2\/product\/17380","targetHints":{"allow":["GET"]}}],"collection":[{"href":"https:\/\/bm-cat.com\/dz\/wp-json\/wp\/v2\/product"}],"about":[{"href":"https:\/\/bm-cat.com\/dz\/wp-json\/wp\/v2\/types\/product"}],"replies":[{"embeddable":true,"href":"https:\/\/bm-cat.com\/dz\/wp-json\/wp\/v2\/comments?post=17380"}],"wp:attachment":[{"href":"https:\/\/bm-cat.com\/dz\/wp-json\/wp\/v2\/media?parent=17380"}],"wp:term":[{"taxonomy":"product_feature","embeddable":true,"href":"https:\/\/bm-cat.com\/dz\/wp-json\/wp\/v2\/product_feature?post=17380"},{"taxonomy":"product_cat","embeddable":true,"href":"https:\/\/bm-cat.com\/dz\/wp-json\/wp\/v2\/product_cat?post=17380"},{"taxonomy":"product_tag","embeddable":true,"href":"https:\/\/bm-cat.com\/dz\/wp-json\/wp\/v2\/product_tag?post=17380"}],"curies":[{"name":"wp","href":"https:\/\/api.w.org\/{rel}","templated":true}]}}