{"id":17411,"date":"2023-12-08T19:39:00","date_gmt":"2023-12-08T19:39:00","guid":{"rendered":"https:\/\/ppr.bm-cat.com\/dz\/product\/1730-mm-68-in-lame-de-coupe-a-boulonner-3\/"},"modified":"2024-04-02T02:32:12","modified_gmt":"2024-04-02T02:32:12","slug":"1730-mm-68-in-lame-de-coupe-a-boulonner-3","status":"publish","type":"product","link":"https:\/\/bm-cat.com\/dz\/produit\/1730-mm-68-in-lame-de-coupe-a-boulonner-3\/","title":{"rendered":"1730 mm (68 in), Lame de coupe \u00e0 boulonner"},"content":{"rendered":"<p>Les godets industriels Cat\u00ae pour chargeurs Skid Steer et chargeurs \u00e0 chenilles compacts Cat sont con\u00e7us pour le chargement, le transport et le d\u00e9versement dans une vari\u00e9t\u00e9 d&rsquo;applications et de mat\u00e9riaux. Ces godets standard conviennent parfaitement aux applications industrielles.<\/p>\n","protected":false},"excerpt":{"rendered":"<p>Utilis\u00e9s pour charger, transporter et d\u00e9charger dans une large vari\u00e9t\u00e9 d&rsquo;applications.<\/p>\n","protected":false},"featured_media":0,"comment_status":"open","ping_status":"closed","template":"","meta":{"_acf_changed":false,"_sitemap_exclude":false,"_sitemap_priority":"","_sitemap_frequency":""},"product_feature":[],"product_cat":[765],"product_tag":[],"class_list":{"0":"post-17411","1":"product","2":"type-product","3":"status-publish","5":"product_cat-godets-performance-industrielle","7":"first","8":"instock","9":"shipping-taxable","10":"product-type-simple"},"acf":[],"_links":{"self":[{"href":"https:\/\/bm-cat.com\/dz\/wp-json\/wp\/v2\/product\/17411","targetHints":{"allow":["GET"]}}],"collection":[{"href":"https:\/\/bm-cat.com\/dz\/wp-json\/wp\/v2\/product"}],"about":[{"href":"https:\/\/bm-cat.com\/dz\/wp-json\/wp\/v2\/types\/product"}],"replies":[{"embeddable":true,"href":"https:\/\/bm-cat.com\/dz\/wp-json\/wp\/v2\/comments?post=17411"}],"wp:attachment":[{"href":"https:\/\/bm-cat.com\/dz\/wp-json\/wp\/v2\/media?parent=17411"}],"wp:term":[{"taxonomy":"product_feature","embeddable":true,"href":"https:\/\/bm-cat.com\/dz\/wp-json\/wp\/v2\/product_feature?post=17411"},{"taxonomy":"product_cat","embeddable":true,"href":"https:\/\/bm-cat.com\/dz\/wp-json\/wp\/v2\/product_cat?post=17411"},{"taxonomy":"product_tag","embeddable":true,"href":"https:\/\/bm-cat.com\/dz\/wp-json\/wp\/v2\/product_tag?post=17411"}],"curies":[{"name":"wp","href":"https:\/\/api.w.org\/{rel}","templated":true}]}}