{"id":17578,"date":"2023-12-09T05:29:39","date_gmt":"2023-12-09T05:29:39","guid":{"rendered":"https:\/\/ppr.bm-cat.com\/dz\/product\/559-mm-22-in-de-1-tonne-a-claveter\/"},"modified":"2024-04-02T02:34:31","modified_gmt":"2024-04-02T02:34:31","slug":"559-mm-22-in-de-1-tonne-a-claveter","status":"publish","type":"product","link":"https:\/\/bm-cat.com\/dz\/produit\/559-mm-22-in-de-1-tonne-a-claveter\/","title":{"rendered":"559 mm (22 in) de 1 tonne, \u00e0 claveter"},"content":{"rendered":"<p>Les roues de compactage Cat\u00ae pour chargeuses-pelleteuses et minipelles hydrauliques offrent une solution peu co\u00fbteuses pour le compactage de tranch\u00e9es. Les roues sont \u00e9quip\u00e9es de roulements \u00e0 rouleaux coniques et b\u00e9n\u00e9ficient d&rsquo;une conception de pied adapt\u00e9 avec des rouleaux \u00e0 patin statique permettant un fonctionnement r\u00e9gulier et l&rsquo;obtention d&rsquo;un haut niveau de compactage. Six \u00e0 dix passes permettent en g\u00e9n\u00e9ral d&rsquo;obtenir le compactage dans des conditions de sol normales, selon les niveaux de compactage requis.<\/p>\n","protected":false},"excerpt":{"rendered":"<p>Lors du remblaiement de tranch\u00e9es, les roues de compactage permettent d&rsquo;atteindre le niveau de compactage requis \u00e0 un prix moindre.<\/p>\n","protected":false},"featured_media":0,"comment_status":"open","ping_status":"closed","template":"","meta":{"_acf_changed":false,"_sitemap_exclude":false,"_sitemap_priority":"","_sitemap_frequency":""},"product_feature":[],"product_cat":[783],"product_tag":[],"class_list":{"0":"post-17578","1":"product","2":"type-product","3":"status-publish","5":"product_cat-roues-de-compactage","7":"first","8":"instock","9":"shipping-taxable","10":"product-type-simple"},"acf":[],"_links":{"self":[{"href":"https:\/\/bm-cat.com\/dz\/wp-json\/wp\/v2\/product\/17578","targetHints":{"allow":["GET"]}}],"collection":[{"href":"https:\/\/bm-cat.com\/dz\/wp-json\/wp\/v2\/product"}],"about":[{"href":"https:\/\/bm-cat.com\/dz\/wp-json\/wp\/v2\/types\/product"}],"replies":[{"embeddable":true,"href":"https:\/\/bm-cat.com\/dz\/wp-json\/wp\/v2\/comments?post=17578"}],"wp:attachment":[{"href":"https:\/\/bm-cat.com\/dz\/wp-json\/wp\/v2\/media?parent=17578"}],"wp:term":[{"taxonomy":"product_feature","embeddable":true,"href":"https:\/\/bm-cat.com\/dz\/wp-json\/wp\/v2\/product_feature?post=17578"},{"taxonomy":"product_cat","embeddable":true,"href":"https:\/\/bm-cat.com\/dz\/wp-json\/wp\/v2\/product_cat?post=17578"},{"taxonomy":"product_tag","embeddable":true,"href":"https:\/\/bm-cat.com\/dz\/wp-json\/wp\/v2\/product_tag?post=17578"}],"curies":[{"name":"wp","href":"https:\/\/api.w.org\/{rel}","templated":true}]}}