{"id":17756,"date":"2023-12-09T06:17:25","date_gmt":"2023-12-09T06:17:25","guid":{"rendered":"https:\/\/ppr.bm-cat.com\/dz\/product\/coupleur-fusion-982\/"},"modified":"2024-04-02T02:36:58","modified_gmt":"2024-04-02T02:36:58","slug":"coupleur-fusion-982","status":"publish","type":"product","link":"https:\/\/bm-cat.com\/dz\/produit\/coupleur-fusion-982\/","title":{"rendered":"Coupleur Fusion 982"},"content":{"rendered":"","protected":false},"excerpt":{"rendered":"<p>Profitez de la commodit\u00e9 d&rsquo;une attache rapide, pr\u00e9sentant les performances et la longue dur\u00e9e de vie que vous attendez d&rsquo;un outil \u00e0 claveter. Fusion fournit \u00e0 votre chargeuse sur pneus Cat 982 des changements rapides d&rsquo;\u00e9quipements, ainsi qu&rsquo;un couplage robuste sans vibrations et une longue dur\u00e9e de vie.<\/p>\n","protected":false},"featured_media":0,"comment_status":"open","ping_status":"closed","template":"","meta":{"_acf_changed":false,"_sitemap_exclude":false,"_sitemap_priority":"","_sitemap_frequency":""},"product_feature":[],"product_cat":[807],"product_tag":[],"class_list":{"0":"post-17756","1":"product","2":"type-product","3":"status-publish","5":"product_cat-coupleur-fusion-chargeuse","7":"first","8":"instock","9":"shipping-taxable","10":"product-type-simple"},"acf":[],"_links":{"self":[{"href":"https:\/\/bm-cat.com\/dz\/wp-json\/wp\/v2\/product\/17756","targetHints":{"allow":["GET"]}}],"collection":[{"href":"https:\/\/bm-cat.com\/dz\/wp-json\/wp\/v2\/product"}],"about":[{"href":"https:\/\/bm-cat.com\/dz\/wp-json\/wp\/v2\/types\/product"}],"replies":[{"embeddable":true,"href":"https:\/\/bm-cat.com\/dz\/wp-json\/wp\/v2\/comments?post=17756"}],"wp:attachment":[{"href":"https:\/\/bm-cat.com\/dz\/wp-json\/wp\/v2\/media?parent=17756"}],"wp:term":[{"taxonomy":"product_feature","embeddable":true,"href":"https:\/\/bm-cat.com\/dz\/wp-json\/wp\/v2\/product_feature?post=17756"},{"taxonomy":"product_cat","embeddable":true,"href":"https:\/\/bm-cat.com\/dz\/wp-json\/wp\/v2\/product_cat?post=17756"},{"taxonomy":"product_tag","embeddable":true,"href":"https:\/\/bm-cat.com\/dz\/wp-json\/wp\/v2\/product_tag?post=17756"}],"curies":[{"name":"wp","href":"https:\/\/api.w.org\/{rel}","templated":true}]}}