{"id":17762,"date":"2023-12-09T06:19:49","date_gmt":"2023-12-09T06:19:49","guid":{"rendered":"https:\/\/ppr.bm-cat.com\/dz\/product\/988k-2\/"},"modified":"2024-04-02T02:37:03","modified_gmt":"2024-04-02T02:37:03","slug":"988k-2","status":"publish","type":"product","link":"https:\/\/bm-cat.com\/dz\/produit\/988k-2\/","title":{"rendered":"988K"},"content":{"rendered":"<p>Con\u00e7us pour fonctionner avec le porte-blocs de votre\u00a0988K, cette attache et les outils d\u00e9di\u00e9s qu&rsquo;elle permet de monter cr\u00e9ent un syst\u00e8me robuste id\u00e9al pour r\u00e9pondre aux exigences des secteurs de la carri\u00e8re et de la manutention de blocs.<\/p>\n","protected":false},"excerpt":{"rendered":"<p>Con\u00e7us pour fonctionner avec le porte-blocs de votre\u00a0988K, cette attache et les outils d\u00e9di\u00e9s qu&rsquo;elle permet de monter cr\u00e9ent un syst\u00e8me robuste id\u00e9al pour r\u00e9pondre aux exigences des secteurs de la carri\u00e8re et de la manutention de blocs.<\/p>\n","protected":false},"featured_media":0,"comment_status":"open","ping_status":"closed","template":"","meta":{"_acf_changed":false,"_sitemap_exclude":false,"_sitemap_priority":"","_sitemap_frequency":""},"product_feature":[],"product_cat":[809],"product_tag":[],"class_list":{"0":"post-17762","1":"product","2":"type-product","3":"status-publish","5":"product_cat-manutention-de-blocs","7":"first","8":"instock","9":"shipping-taxable","10":"product-type-simple"},"acf":[],"_links":{"self":[{"href":"https:\/\/bm-cat.com\/dz\/wp-json\/wp\/v2\/product\/17762","targetHints":{"allow":["GET"]}}],"collection":[{"href":"https:\/\/bm-cat.com\/dz\/wp-json\/wp\/v2\/product"}],"about":[{"href":"https:\/\/bm-cat.com\/dz\/wp-json\/wp\/v2\/types\/product"}],"replies":[{"embeddable":true,"href":"https:\/\/bm-cat.com\/dz\/wp-json\/wp\/v2\/comments?post=17762"}],"wp:attachment":[{"href":"https:\/\/bm-cat.com\/dz\/wp-json\/wp\/v2\/media?parent=17762"}],"wp:term":[{"taxonomy":"product_feature","embeddable":true,"href":"https:\/\/bm-cat.com\/dz\/wp-json\/wp\/v2\/product_feature?post=17762"},{"taxonomy":"product_cat","embeddable":true,"href":"https:\/\/bm-cat.com\/dz\/wp-json\/wp\/v2\/product_cat?post=17762"},{"taxonomy":"product_tag","embeddable":true,"href":"https:\/\/bm-cat.com\/dz\/wp-json\/wp\/v2\/product_tag?post=17762"}],"curies":[{"name":"wp","href":"https:\/\/api.w.org\/{rel}","templated":true}]}}