{"id":17766,"date":"2023-12-09T06:22:07","date_gmt":"2023-12-09T06:22:07","guid":{"rendered":"https:\/\/ppr.bm-cat.com\/dz\/product\/980-2-chevilles\/"},"modified":"2024-04-02T02:37:06","modified_gmt":"2024-04-02T02:37:06","slug":"980-2-chevilles","status":"publish","type":"product","link":"https:\/\/bm-cat.com\/dz\/produit\/980-2-chevilles\/","title":{"rendered":"980, 2\u00a0chevilles"},"content":{"rendered":"<p>Les secteurs de la carri\u00e8re et de la manutention de blocs est exigeant et c&rsquo;est avec cet \u00e9l\u00e9ment en t\u00eate qu&rsquo;a \u00e9t\u00e9 con\u00e7ue cette attache \u00e0 2\u00a0chevilles. Associ\u00e9e \u00e0 des outils de travail sp\u00e9cialis\u00e9s, l&rsquo;attache de manutention de blocs du mod\u00e8le\u00a0980 est con\u00e7ue pour optimiser la force d&rsquo;arrachage et la capacit\u00e9 de levage du porte-blocs de votre machine. Il s&rsquo;agit donc d&rsquo;une attache de premier choix pour ces applications de production. Sp\u00e9cifiquement destin\u00e9e \u00e0 une utilisation avec les machines\u00a0980 \u00e0 circuit hydraulique \u00e0 3\u00a0vannes.<\/p>\n","protected":false},"excerpt":{"rendered":"<p>Les secteurs de la carri\u00e8re et de la manutention de blocs est exigeant et c&rsquo;est avec cet \u00e9l\u00e9ment en t\u00eate qu&rsquo;a \u00e9t\u00e9 con\u00e7ue cette attache \u00e0 2\u00a0chevilles. Associ\u00e9e \u00e0 des outils de travail sp\u00e9cialis\u00e9s, l&rsquo;attache de manutention de blocs du mod\u00e8le\u00a0980 est con\u00e7ue pour optimiser la force d&rsquo;arrachage et la capacit\u00e9 de levage du porte-blocs de votre machine. Il s&rsquo;agit donc d&rsquo;une attache de premier choix pour ces applications de production. Sp\u00e9cifiquement destin\u00e9e \u00e0 une utilisation avec les machines\u00a0980 \u00e0 circuit hydraulique \u00e0 3\u00a0vannes.<\/p>\n","protected":false},"featured_media":0,"comment_status":"open","ping_status":"closed","template":"","meta":{"_acf_changed":false,"_sitemap_exclude":false,"_sitemap_priority":"","_sitemap_frequency":""},"product_feature":[],"product_cat":[809],"product_tag":[],"class_list":{"0":"post-17766","1":"product","2":"type-product","3":"status-publish","5":"product_cat-manutention-de-blocs","7":"first","8":"instock","9":"shipping-taxable","10":"product-type-simple"},"acf":[],"_links":{"self":[{"href":"https:\/\/bm-cat.com\/dz\/wp-json\/wp\/v2\/product\/17766","targetHints":{"allow":["GET"]}}],"collection":[{"href":"https:\/\/bm-cat.com\/dz\/wp-json\/wp\/v2\/product"}],"about":[{"href":"https:\/\/bm-cat.com\/dz\/wp-json\/wp\/v2\/types\/product"}],"replies":[{"embeddable":true,"href":"https:\/\/bm-cat.com\/dz\/wp-json\/wp\/v2\/comments?post=17766"}],"wp:attachment":[{"href":"https:\/\/bm-cat.com\/dz\/wp-json\/wp\/v2\/media?parent=17766"}],"wp:term":[{"taxonomy":"product_feature","embeddable":true,"href":"https:\/\/bm-cat.com\/dz\/wp-json\/wp\/v2\/product_feature?post=17766"},{"taxonomy":"product_cat","embeddable":true,"href":"https:\/\/bm-cat.com\/dz\/wp-json\/wp\/v2\/product_cat?post=17766"},{"taxonomy":"product_tag","embeddable":true,"href":"https:\/\/bm-cat.com\/dz\/wp-json\/wp\/v2\/product_tag?post=17766"}],"curies":[{"name":"wp","href":"https:\/\/api.w.org\/{rel}","templated":true}]}}