{"id":17770,"date":"2023-12-09T06:24:27","date_gmt":"2023-12-09T06:24:27","guid":{"rendered":"https:\/\/ppr.bm-cat.com\/dz\/product\/980-3-chevilles\/"},"modified":"2024-04-02T02:37:10","modified_gmt":"2024-04-02T02:37:10","slug":"980-3-chevilles","status":"publish","type":"product","link":"https:\/\/bm-cat.com\/dz\/produit\/980-3-chevilles\/","title":{"rendered":"980, 3\u00a0chevilles"},"content":{"rendered":"<p>Con\u00e7ue pour optimiser la force d&rsquo;arrachage et la capacit\u00e9 de levage du porte-blocs de votre\u00a0980, cette attache \u00e0 3\u00a0chevilles r\u00e9pond aux exigences de la manutention de blocs et du travail en carri\u00e8re. Les \u00e9quipements sp\u00e9cifiques fonctionnent avec l&rsquo;attache pour am\u00e9liorer la production et ainsi vous faire gagner du temps et de l&rsquo;argent. Sp\u00e9cifiquement destin\u00e9e \u00e0 une utilisation avec les machines\u00a0980 \u00e0 circuit hydraulique \u00e0 3\u00a0vannes.<\/p>\n","protected":false},"excerpt":{"rendered":"<p>Con\u00e7ue pour optimiser la force d&rsquo;arrachage et la capacit\u00e9 de levage du porte-blocs de votre\u00a0980, cette attache \u00e0 3\u00a0chevilles r\u00e9pond aux exigences de la manutention de blocs et du travail en carri\u00e8re. Les \u00e9quipements sp\u00e9cifiques fonctionnent avec l&rsquo;attache pour am\u00e9liorer la production et ainsi vous faire gagner du temps et de l&rsquo;argent. Sp\u00e9cifiquement destin\u00e9e \u00e0 une utilisation avec les machines\u00a0980 \u00e0 circuit hydraulique \u00e0 3\u00a0vannes.<\/p>\n","protected":false},"featured_media":0,"comment_status":"open","ping_status":"closed","template":"","meta":{"_acf_changed":false,"_sitemap_exclude":false,"_sitemap_priority":"","_sitemap_frequency":""},"product_feature":[],"product_cat":[809],"product_tag":[],"class_list":{"0":"post-17770","1":"product","2":"type-product","3":"status-publish","5":"product_cat-manutention-de-blocs","7":"first","8":"instock","9":"shipping-taxable","10":"product-type-simple"},"acf":[],"_links":{"self":[{"href":"https:\/\/bm-cat.com\/dz\/wp-json\/wp\/v2\/product\/17770","targetHints":{"allow":["GET"]}}],"collection":[{"href":"https:\/\/bm-cat.com\/dz\/wp-json\/wp\/v2\/product"}],"about":[{"href":"https:\/\/bm-cat.com\/dz\/wp-json\/wp\/v2\/types\/product"}],"replies":[{"embeddable":true,"href":"https:\/\/bm-cat.com\/dz\/wp-json\/wp\/v2\/comments?post=17770"}],"wp:attachment":[{"href":"https:\/\/bm-cat.com\/dz\/wp-json\/wp\/v2\/media?parent=17770"}],"wp:term":[{"taxonomy":"product_feature","embeddable":true,"href":"https:\/\/bm-cat.com\/dz\/wp-json\/wp\/v2\/product_feature?post=17770"},{"taxonomy":"product_cat","embeddable":true,"href":"https:\/\/bm-cat.com\/dz\/wp-json\/wp\/v2\/product_cat?post=17770"},{"taxonomy":"product_tag","embeddable":true,"href":"https:\/\/bm-cat.com\/dz\/wp-json\/wp\/v2\/product_tag?post=17770"}],"curies":[{"name":"wp","href":"https:\/\/api.w.org\/{rel}","templated":true}]}}