{"id":17903,"date":"2023-12-09T07:21:49","date_gmt":"2023-12-09T07:21:49","guid":{"rendered":"https:\/\/ppr.bm-cat.com\/dz\/product\/1-812-mm-71-in-attache-fusion\/"},"modified":"2024-04-02T02:39:05","modified_gmt":"2024-04-02T02:39:05","slug":"1-812-mm-71-in-attache-fusion","status":"publish","type":"product","link":"https:\/\/bm-cat.com\/dz\/produit\/1-812-mm-71-in-attache-fusion\/","title":{"rendered":"1 812 mm (71 in), attache Fusion\u2122"},"content":{"rendered":"<p>Les fourches \u00e0 pince de tri Cat\u00ae pour petites chargeuses sur pneus sont con\u00e7ues pour de nombreuses applications de manutention de grumes et de bois d\u00e9bit\u00e9. Qu&rsquo;il s&rsquo;agisse de retirer des grumes mis en tas en vue d&rsquo;un traitement futur ou de d\u00e9charger des tombereaux, les fourches \u00e0 pince de tri sont con\u00e7ues pour la performance. Avec une pression de serrage r\u00e9glable et des plaques d&rsquo;usure \u00e0 boulonner, les fourches \u00e0 pince de tri peuvent \u00eatre adapt\u00e9es en fonction des pr\u00e9f\u00e9rences du conducteur, le tout en r\u00e9duisant les frais d&rsquo;exploitation variables et fixes.<\/p>\n","protected":false},"excerpt":{"rendered":"<p>Empilez, transportez et triez des piles de bois d&rsquo;\u0153uvre.<\/p>\n","protected":false},"featured_media":0,"comment_status":"open","ping_status":"closed","template":"","meta":{"_acf_changed":false,"_sitemap_exclude":false,"_sitemap_priority":"","_sitemap_frequency":""},"product_feature":[],"product_cat":[841],"product_tag":[],"class_list":{"0":"post-17903","1":"product","2":"type-product","3":"status-publish","5":"product_cat-fourches-a-grappin-de-triage","7":"first","8":"instock","9":"shipping-taxable","10":"product-type-simple"},"acf":[],"_links":{"self":[{"href":"https:\/\/bm-cat.com\/dz\/wp-json\/wp\/v2\/product\/17903","targetHints":{"allow":["GET"]}}],"collection":[{"href":"https:\/\/bm-cat.com\/dz\/wp-json\/wp\/v2\/product"}],"about":[{"href":"https:\/\/bm-cat.com\/dz\/wp-json\/wp\/v2\/types\/product"}],"replies":[{"embeddable":true,"href":"https:\/\/bm-cat.com\/dz\/wp-json\/wp\/v2\/comments?post=17903"}],"wp:attachment":[{"href":"https:\/\/bm-cat.com\/dz\/wp-json\/wp\/v2\/media?parent=17903"}],"wp:term":[{"taxonomy":"product_feature","embeddable":true,"href":"https:\/\/bm-cat.com\/dz\/wp-json\/wp\/v2\/product_feature?post=17903"},{"taxonomy":"product_cat","embeddable":true,"href":"https:\/\/bm-cat.com\/dz\/wp-json\/wp\/v2\/product_cat?post=17903"},{"taxonomy":"product_tag","embeddable":true,"href":"https:\/\/bm-cat.com\/dz\/wp-json\/wp\/v2\/product_tag?post=17903"}],"curies":[{"name":"wp","href":"https:\/\/api.w.org\/{rel}","templated":true}]}}