{"id":17909,"date":"2023-12-09T07:25:54","date_gmt":"2023-12-09T07:25:54","guid":{"rendered":"https:\/\/ppr.bm-cat.com\/dz\/product\/1829-mm-72-in-4\/"},"modified":"2024-04-02T02:39:11","modified_gmt":"2024-04-02T02:39:11","slug":"1829-mm-72-in-4","status":"publish","type":"product","link":"https:\/\/bm-cat.com\/dz\/produit\/1829-mm-72-in-4\/","title":{"rendered":"1829 mm (72 in)"},"content":{"rendered":"<p>Les fourches tous-usages Cat\u00ae pour chargeurs compacts rigides, chargeurs tout-terrain et chargeuses \u00e0 cha\u00eenes compactes Cat sont con\u00e7ues pour la manutention de nombreux mat\u00e9riaux l\u00e9gers dans les applications d&rsquo;am\u00e9nagement de sites, les fermes et les ranches. Elles sont principalement utilis\u00e9es pour l&rsquo;\u00e9limination des d\u00e9jections animales s\u00e9ch\u00e9es et compact\u00e9es, le transport de petites balles, la manutention de mat\u00e9riaux en vrac comme la paille et le foin, l&rsquo;ameublissement des mat\u00e9riaux destin\u00e9s aux plantations et l&rsquo;a\u00e9ration du sol. NOTA : les fourches tous-usages ne sont pas con\u00e7ues pour \u00e9peronner et transporter de grandes balles rondes.<\/p>\n","protected":false},"excerpt":{"rendered":"<p>Les fourches tous-usages Cat\u00ae sont con\u00e7ues pour la manutention d&rsquo;un large \u00e9ventail de mat\u00e9riaux dans de nombreuses conditions de fonctionnement.<\/p>\n","protected":false},"featured_media":0,"comment_status":"open","ping_status":"closed","template":"","meta":{"_acf_changed":false,"_sitemap_exclude":false,"_sitemap_priority":"","_sitemap_frequency":""},"product_feature":[],"product_cat":[843],"product_tag":[],"class_list":{"0":"post-17909","1":"product","2":"type-product","3":"status-publish","5":"product_cat-fourches-utilitaires","7":"first","8":"instock","9":"shipping-taxable","10":"product-type-simple"},"acf":[],"_links":{"self":[{"href":"https:\/\/bm-cat.com\/dz\/wp-json\/wp\/v2\/product\/17909","targetHints":{"allow":["GET"]}}],"collection":[{"href":"https:\/\/bm-cat.com\/dz\/wp-json\/wp\/v2\/product"}],"about":[{"href":"https:\/\/bm-cat.com\/dz\/wp-json\/wp\/v2\/types\/product"}],"replies":[{"embeddable":true,"href":"https:\/\/bm-cat.com\/dz\/wp-json\/wp\/v2\/comments?post=17909"}],"wp:attachment":[{"href":"https:\/\/bm-cat.com\/dz\/wp-json\/wp\/v2\/media?parent=17909"}],"wp:term":[{"taxonomy":"product_feature","embeddable":true,"href":"https:\/\/bm-cat.com\/dz\/wp-json\/wp\/v2\/product_feature?post=17909"},{"taxonomy":"product_cat","embeddable":true,"href":"https:\/\/bm-cat.com\/dz\/wp-json\/wp\/v2\/product_cat?post=17909"},{"taxonomy":"product_tag","embeddable":true,"href":"https:\/\/bm-cat.com\/dz\/wp-json\/wp\/v2\/product_tag?post=17909"}],"curies":[{"name":"wp","href":"https:\/\/api.w.org\/{rel}","templated":true}]}}