{"id":17929,"date":"2023-12-09T07:39:14","date_gmt":"2023-12-09T07:39:14","guid":{"rendered":"https:\/\/ppr.bm-cat.com\/dz\/product\/insonorise-niv-1-niv-2-et-niv-3-de-68-a-22-kva-serie-b\/"},"modified":"2024-04-02T02:39:29","modified_gmt":"2024-04-02T02:39:29","slug":"insonorise-niv-1-niv-2-et-niv-3-de-68-a-22-kva-serie-b","status":"publish","type":"product","link":"https:\/\/bm-cat.com\/dz\/produit\/insonorise-niv-1-niv-2-et-niv-3-de-68-a-22-kva-serie-b\/","title":{"rendered":"Insonoris\u00e9 Niv. 1, Niv. 2 et Niv. 3 de 6,8 \u00e0 22 kVA (s\u00e9rie B)"},"content":{"rendered":"<p>La conception compacte de la gamme de capotages insonoris\u00e9s de 6,8 \u00e0 22 kVA Niveau 1, Niveau 2 et Niveau 3 offre la souplesse d&rsquo;une insonorisation optimale en fonction des exigences. Con\u00e7us selon des principes modulaires, les capotages comportent des portes amovibles ou des portes \u00e0 charni\u00e8res verticales afin de faciliter l&rsquo;acc\u00e8s pour les op\u00e9rations d&rsquo;entretien et de maintenance.<br \/>Fabriqu\u00e9s en acier galvanis\u00e9, les capotages sont con\u00e7us pour r\u00e9sister \u00e0 la corrosion et aux dommages encourus lors de la manipulation. D\u00e9velopp\u00e9s par nos ing\u00e9nieurs sp\u00e9cialis\u00e9s dans le cadre d&rsquo;un cycle continu de recherche et d\u00e9veloppement, les capotages sont enti\u00e8rement \u00e9tanches \u00e0 l&rsquo;eau et int\u00e8grent en interne des silencieux d&rsquo;\u00e9chappement.<br \/>Tous les capotages insonoris\u00e9s r\u00e9duisent les niveaux sonores afin de respecter les niveaux Stage II de la directive 2000\/14\/CE de la Communaut\u00e9 europ\u00e9enne, entr\u00e9e en vigueur le 3 janvier 2006.<\/p>\n","protected":false},"excerpt":{"rendered":"<p>La conception compacte de la gamme de capotages insonoris\u00e9s de 6,8 \u00e0 22 kVA Niveau 1, Niveau 2 et Niveau 3 offre la souplesse d&rsquo;une insonorisation optimale en fonction des exigences. Con\u00e7us selon des principes modulaires, les capotages comportent des portes amovibles ou des portes \u00e0 charni\u00e8res verticales afin de faciliter l&rsquo;acc\u00e8s pour les op\u00e9rations d&rsquo;entretien et de maintenance.<\/p>\n","protected":false},"featured_media":0,"comment_status":"open","ping_status":"closed","template":"","meta":{"_acf_changed":false,"_sitemap_exclude":false,"_sitemap_priority":"","_sitemap_frequency":""},"product_feature":[],"product_cat":[853],"product_tag":[],"class_list":{"0":"post-17929","1":"product","2":"type-product","3":"status-publish","5":"product_cat-enceintes","7":"first","8":"instock","9":"shipping-taxable","10":"product-type-simple"},"acf":[],"_links":{"self":[{"href":"https:\/\/bm-cat.com\/dz\/wp-json\/wp\/v2\/product\/17929","targetHints":{"allow":["GET"]}}],"collection":[{"href":"https:\/\/bm-cat.com\/dz\/wp-json\/wp\/v2\/product"}],"about":[{"href":"https:\/\/bm-cat.com\/dz\/wp-json\/wp\/v2\/types\/product"}],"replies":[{"embeddable":true,"href":"https:\/\/bm-cat.com\/dz\/wp-json\/wp\/v2\/comments?post=17929"}],"wp:attachment":[{"href":"https:\/\/bm-cat.com\/dz\/wp-json\/wp\/v2\/media?parent=17929"}],"wp:term":[{"taxonomy":"product_feature","embeddable":true,"href":"https:\/\/bm-cat.com\/dz\/wp-json\/wp\/v2\/product_feature?post=17929"},{"taxonomy":"product_cat","embeddable":true,"href":"https:\/\/bm-cat.com\/dz\/wp-json\/wp\/v2\/product_cat?post=17929"},{"taxonomy":"product_tag","embeddable":true,"href":"https:\/\/bm-cat.com\/dz\/wp-json\/wp\/v2\/product_tag?post=17929"}],"curies":[{"name":"wp","href":"https:\/\/api.w.org\/{rel}","templated":true}]}}