{"id":17961,"date":"2023-12-09T07:50:58","date_gmt":"2023-12-09T07:50:58","guid":{"rendered":"https:\/\/ppr.bm-cat.com\/dz\/product\/capotage-insonorise-du-c27-et-du-c32\/"},"modified":"2024-04-02T02:39:56","modified_gmt":"2024-04-02T02:39:56","slug":"capotage-insonorise-du-c27-et-du-c32","status":"publish","type":"product","link":"https:\/\/bm-cat.com\/dz\/produit\/capotage-insonorise-du-c27-et-du-c32\/","title":{"rendered":"Capotage insonoris\u00e9 du C27 et du C32"},"content":{"rendered":"<p><font>Ces capotages insonoris\u00e9s, mont\u00e9s en usine, sont con\u00e7us pour la s\u00e9curit\u00e9 et la l&rsquo;esth\u00e9tique. Ces capotages sont extr\u00eamement robustes et capables de r\u00e9sister aux intemp\u00e9ries et \u00e0 une exposition aux \u00e9l\u00e9ments.<\/font><\/p>\n","protected":false},"excerpt":{"rendered":"<p>Capotage insonoris\u00e9 du C27 et du C32<\/p>\n","protected":false},"featured_media":0,"comment_status":"open","ping_status":"closed","template":"","meta":{"_acf_changed":false,"_sitemap_exclude":false,"_sitemap_priority":"","_sitemap_frequency":""},"product_feature":[],"product_cat":[853],"product_tag":[],"class_list":{"0":"post-17961","1":"product","2":"type-product","3":"status-publish","5":"product_cat-enceintes","7":"first","8":"instock","9":"shipping-taxable","10":"product-type-simple"},"acf":[],"_links":{"self":[{"href":"https:\/\/bm-cat.com\/dz\/wp-json\/wp\/v2\/product\/17961","targetHints":{"allow":["GET"]}}],"collection":[{"href":"https:\/\/bm-cat.com\/dz\/wp-json\/wp\/v2\/product"}],"about":[{"href":"https:\/\/bm-cat.com\/dz\/wp-json\/wp\/v2\/types\/product"}],"replies":[{"embeddable":true,"href":"https:\/\/bm-cat.com\/dz\/wp-json\/wp\/v2\/comments?post=17961"}],"wp:attachment":[{"href":"https:\/\/bm-cat.com\/dz\/wp-json\/wp\/v2\/media?parent=17961"}],"wp:term":[{"taxonomy":"product_feature","embeddable":true,"href":"https:\/\/bm-cat.com\/dz\/wp-json\/wp\/v2\/product_feature?post=17961"},{"taxonomy":"product_cat","embeddable":true,"href":"https:\/\/bm-cat.com\/dz\/wp-json\/wp\/v2\/product_cat?post=17961"},{"taxonomy":"product_tag","embeddable":true,"href":"https:\/\/bm-cat.com\/dz\/wp-json\/wp\/v2\/product_tag?post=17961"}],"curies":[{"name":"wp","href":"https:\/\/api.w.org\/{rel}","templated":true}]}}