{"id":18045,"date":"2023-12-09T08:45:38","date_gmt":"2023-12-09T08:45:38","guid":{"rendered":"https:\/\/ppr.bm-cat.com\/dz\/product\/grappin-a-5-griffes-gsv520-750-litres\/"},"modified":"2024-04-02T02:41:14","modified_gmt":"2024-04-02T02:41:14","slug":"grappin-a-5-griffes-gsv520-750-litres","status":"publish","type":"product","link":"https:\/\/bm-cat.com\/dz\/produit\/grappin-a-5-griffes-gsv520-750-litres\/","title":{"rendered":"Grappin \u00e0 5\u00a0griffes\u00a0GSV520 750\u00a0litres"},"content":{"rendered":"<p>La gamme de grappins \u00e0 griffes GSV Cat<sup>\u00ae<\/sup> inclut des mod\u00e8les et des tailles vari\u00e9s pour un large \u00e9ventail d&rsquo;applications. Avec des temps de cycle plus courts et une capacit\u00e9 accrue, les grappins GSV vous permettent de d\u00e9placer plus tout en d\u00e9pensant moins. L&rsquo;am\u00e9lioration de la conception du grappin accro\u00eet la productivit\u00e9 globale et r\u00e9duit les co\u00fbts d&rsquo;entretien. L&rsquo;ajout d&rsquo;un mod\u00e8le GC \u00e0 cette gamme de produits ajoute une option \u00e9conomique tout en offrant la qualit\u00e9 Cat que vous attendez.<\/p>\n","protected":false},"excerpt":{"rendered":"<p>La gamme de grappins \u00e0 griffes GSV Cat\u00ae inclut des mod\u00e8les et des tailles vari\u00e9s pour un large \u00e9ventail d&rsquo;applications. Avec des temps de cycle plus courts et une capacit\u00e9 accrue, les grappins GSV vous permettent de d\u00e9placer plus tout en d\u00e9pensant moins. L&rsquo;am\u00e9lioration de la conception du grappin accro\u00eet la productivit\u00e9 globale et r\u00e9duit les co\u00fbts d&rsquo;entretien. L&rsquo;ajout d&rsquo;un mod\u00e8le GC \u00e0 cette gamme de produits ajoute une option \u00e9conomique tout en offrant la qualit\u00e9 Cat que vous attendez.<\/p>\n","protected":false},"featured_media":0,"comment_status":"open","ping_status":"closed","template":"","meta":{"_acf_changed":false,"_sitemap_exclude":false,"_sitemap_priority":"","_sitemap_frequency":""},"product_feature":[],"product_cat":[863],"product_tag":[],"class_list":{"0":"post-18045","1":"product","2":"type-product","3":"status-publish","5":"product_cat-grappins-a-griffes","7":"first","8":"instock","9":"shipping-taxable","10":"product-type-simple"},"acf":[],"_links":{"self":[{"href":"https:\/\/bm-cat.com\/dz\/wp-json\/wp\/v2\/product\/18045","targetHints":{"allow":["GET"]}}],"collection":[{"href":"https:\/\/bm-cat.com\/dz\/wp-json\/wp\/v2\/product"}],"about":[{"href":"https:\/\/bm-cat.com\/dz\/wp-json\/wp\/v2\/types\/product"}],"replies":[{"embeddable":true,"href":"https:\/\/bm-cat.com\/dz\/wp-json\/wp\/v2\/comments?post=18045"}],"wp:attachment":[{"href":"https:\/\/bm-cat.com\/dz\/wp-json\/wp\/v2\/media?parent=18045"}],"wp:term":[{"taxonomy":"product_feature","embeddable":true,"href":"https:\/\/bm-cat.com\/dz\/wp-json\/wp\/v2\/product_feature?post=18045"},{"taxonomy":"product_cat","embeddable":true,"href":"https:\/\/bm-cat.com\/dz\/wp-json\/wp\/v2\/product_cat?post=18045"},{"taxonomy":"product_tag","embeddable":true,"href":"https:\/\/bm-cat.com\/dz\/wp-json\/wp\/v2\/product_tag?post=18045"}],"curies":[{"name":"wp","href":"https:\/\/api.w.org\/{rel}","templated":true}]}}