{"id":18185,"date":"2023-12-09T11:03:45","date_gmt":"2023-12-09T11:03:45","guid":{"rendered":"https:\/\/ppr.bm-cat.com\/dz\/product\/bras-de-manutention\/"},"modified":"2024-04-02T02:43:17","modified_gmt":"2024-04-02T02:43:17","slug":"bras-de-manutention","status":"publish","type":"product","link":"https:\/\/bm-cat.com\/dz\/produit\/bras-de-manutention\/","title":{"rendered":"Bras de manutention"},"content":{"rendered":"<p>Le bras de manutention Cat\u00ae pour produits compacts est un outil utile dans presque tous les types d&rsquo;applications, qu&rsquo;elles soient li\u00e9es \u00e0 l&rsquo;industrie, \u00e0 la construction ou \u00e0 l&rsquo;agriculture, pour lever, transporter et charger une grande vari\u00e9t\u00e9 de mat\u00e9riaux et d&rsquo;\u00e9quipements. Con\u00e7u pour un usage intensif, il est aussi particuli\u00e8rement adapt\u00e9 \u00e0 l&rsquo;am\u00e9nagement de sites pour charger, transporter et disposer des arbres et grands arbustes.<\/p>\n","protected":false},"excerpt":{"rendered":"<p>Con\u00e7u pour lever, transporter et charger une grande vari\u00e9t\u00e9 de mat\u00e9riaux et d&rsquo;\u00e9quipements dans les applications industrielles, agricoles et de construction.<\/p>\n","protected":false},"featured_media":0,"comment_status":"open","ping_status":"closed","template":"","meta":{"_acf_changed":false,"_sitemap_exclude":false,"_sitemap_priority":"","_sitemap_frequency":""},"product_feature":[],"product_cat":[873],"product_tag":[],"class_list":{"0":"post-18185","1":"product","2":"type-product","3":"status-publish","5":"product_cat-bras-de-manutention","7":"first","8":"instock","9":"shipping-taxable","10":"product-type-simple"},"acf":[],"_links":{"self":[{"href":"https:\/\/bm-cat.com\/dz\/wp-json\/wp\/v2\/product\/18185","targetHints":{"allow":["GET"]}}],"collection":[{"href":"https:\/\/bm-cat.com\/dz\/wp-json\/wp\/v2\/product"}],"about":[{"href":"https:\/\/bm-cat.com\/dz\/wp-json\/wp\/v2\/types\/product"}],"replies":[{"embeddable":true,"href":"https:\/\/bm-cat.com\/dz\/wp-json\/wp\/v2\/comments?post=18185"}],"wp:attachment":[{"href":"https:\/\/bm-cat.com\/dz\/wp-json\/wp\/v2\/media?parent=18185"}],"wp:term":[{"taxonomy":"product_feature","embeddable":true,"href":"https:\/\/bm-cat.com\/dz\/wp-json\/wp\/v2\/product_feature?post=18185"},{"taxonomy":"product_cat","embeddable":true,"href":"https:\/\/bm-cat.com\/dz\/wp-json\/wp\/v2\/product_cat?post=18185"},{"taxonomy":"product_tag","embeddable":true,"href":"https:\/\/bm-cat.com\/dz\/wp-json\/wp\/v2\/product_tag?post=18185"}],"curies":[{"name":"wp","href":"https:\/\/api.w.org\/{rel}","templated":true}]}}