{"id":18189,"date":"2023-12-09T11:08:50","date_gmt":"2023-12-09T11:08:50","guid":{"rendered":"https:\/\/ppr.bm-cat.com\/dz\/product\/3941-mm-155-in-2\/"},"modified":"2024-04-02T02:43:20","modified_gmt":"2024-04-02T02:43:20","slug":"3941-mm-155-in-2","status":"publish","type":"product","link":"https:\/\/bm-cat.com\/dz\/produit\/3941-mm-155-in-2\/","title":{"rendered":"3941 mm (155 in)"},"content":{"rendered":"<p>D\u00e9placez rapidement et facilement des conduits, des blocs de b\u00e9ton, des s\u00e9parateurs de route et d&rsquo;autres mat\u00e9riaux de construction gr\u00e2ce au bras de manutention t\u00e9lescopique. La longueur des bras est r\u00e9glable manuellement de fa\u00e7on \u00e0 s&rsquo;adapter aux exigences en terme de charge.<\/p>\n","protected":false},"excerpt":{"rendered":"<p>Con\u00e7u pour lever, transporter et charger une grande vari\u00e9t\u00e9 de mat\u00e9riaux et d&rsquo;\u00e9quipements dans les applications industrielles, agricoles et de construction.<\/p>\n","protected":false},"featured_media":0,"comment_status":"open","ping_status":"closed","template":"","meta":{"_acf_changed":false,"_sitemap_exclude":false,"_sitemap_priority":"","_sitemap_frequency":""},"product_feature":[],"product_cat":[873],"product_tag":[],"class_list":{"0":"post-18189","1":"product","2":"type-product","3":"status-publish","5":"product_cat-bras-de-manutention","7":"first","8":"instock","9":"shipping-taxable","10":"product-type-simple"},"acf":[],"_links":{"self":[{"href":"https:\/\/bm-cat.com\/dz\/wp-json\/wp\/v2\/product\/18189","targetHints":{"allow":["GET"]}}],"collection":[{"href":"https:\/\/bm-cat.com\/dz\/wp-json\/wp\/v2\/product"}],"about":[{"href":"https:\/\/bm-cat.com\/dz\/wp-json\/wp\/v2\/types\/product"}],"replies":[{"embeddable":true,"href":"https:\/\/bm-cat.com\/dz\/wp-json\/wp\/v2\/comments?post=18189"}],"wp:attachment":[{"href":"https:\/\/bm-cat.com\/dz\/wp-json\/wp\/v2\/media?parent=18189"}],"wp:term":[{"taxonomy":"product_feature","embeddable":true,"href":"https:\/\/bm-cat.com\/dz\/wp-json\/wp\/v2\/product_feature?post=18189"},{"taxonomy":"product_cat","embeddable":true,"href":"https:\/\/bm-cat.com\/dz\/wp-json\/wp\/v2\/product_cat?post=18189"},{"taxonomy":"product_tag","embeddable":true,"href":"https:\/\/bm-cat.com\/dz\/wp-json\/wp\/v2\/product_tag?post=18189"}],"curies":[{"name":"wp","href":"https:\/\/api.w.org\/{rel}","templated":true}]}}