{"id":18275,"date":"2023-12-09T13:11:30","date_gmt":"2023-12-09T13:11:30","guid":{"rendered":"https:\/\/ppr.bm-cat.com\/dz\/product\/p218\/"},"modified":"2024-04-02T02:44:36","modified_gmt":"2024-04-02T02:44:36","slug":"p218","status":"publish","type":"product","link":"https:\/\/bm-cat.com\/dz\/produit\/p218\/","title":{"rendered":"P218"},"content":{"rendered":"<p>Les broyeurs secondaires traitent rapidement les d\u00e9bris en b\u00e9ton. Les m\u00e2choires s&rsquo;ouvrent en grand pour saisir le b\u00e9ton de n&rsquo;importe quel c\u00f4t\u00e9 et sont \u00e9quip\u00e9es de la technologie SpeedBooster pour un \u00e9crasement rapide et puissant. Vous pouvez faire confiance \u00e0 la fiabilit\u00e9 et au temps de fonctionnement d&rsquo;autant que toutes les pi\u00e8ces d&rsquo;entretien courant peuvent \u00eatre remplac\u00e9es \u00e0 l&rsquo;aide de simples outils manuels. Et o\u00f9 que vous alliez, votre concessionnaire Cat vous soutient.<\/p>\n","protected":false},"excerpt":{"rendered":"<p>D\u00e9molition productive et temps de fonctionnement maximal avec un seul point d&rsquo;assistance pour l&rsquo;ensemble de votre syst\u00e8me.<\/p>\n","protected":false},"featured_media":0,"comment_status":"open","ping_status":"closed","template":"","meta":{"_acf_changed":false,"_sitemap_exclude":false,"_sitemap_priority":"","_sitemap_frequency":""},"product_feature":[],"product_cat":[897],"product_tag":[],"class_list":{"0":"post-18275","1":"product","2":"type-product","3":"status-publish","5":"product_cat-broyeur-secondaire","7":"first","8":"instock","9":"shipping-taxable","10":"product-type-simple"},"acf":[],"_links":{"self":[{"href":"https:\/\/bm-cat.com\/dz\/wp-json\/wp\/v2\/product\/18275","targetHints":{"allow":["GET"]}}],"collection":[{"href":"https:\/\/bm-cat.com\/dz\/wp-json\/wp\/v2\/product"}],"about":[{"href":"https:\/\/bm-cat.com\/dz\/wp-json\/wp\/v2\/types\/product"}],"replies":[{"embeddable":true,"href":"https:\/\/bm-cat.com\/dz\/wp-json\/wp\/v2\/comments?post=18275"}],"wp:attachment":[{"href":"https:\/\/bm-cat.com\/dz\/wp-json\/wp\/v2\/media?parent=18275"}],"wp:term":[{"taxonomy":"product_feature","embeddable":true,"href":"https:\/\/bm-cat.com\/dz\/wp-json\/wp\/v2\/product_feature?post=18275"},{"taxonomy":"product_cat","embeddable":true,"href":"https:\/\/bm-cat.com\/dz\/wp-json\/wp\/v2\/product_cat?post=18275"},{"taxonomy":"product_tag","embeddable":true,"href":"https:\/\/bm-cat.com\/dz\/wp-json\/wp\/v2\/product_tag?post=18275"}],"curies":[{"name":"wp","href":"https:\/\/api.w.org\/{rel}","templated":true}]}}