{"id":18357,"date":"2023-12-09T14:28:52","date_gmt":"2023-12-09T14:28:52","guid":{"rendered":"https:\/\/ppr.bm-cat.com\/dz\/product\/tambour-de-fraisage-de-12-m-a-systeme-k-espacement-de-15-mm\/"},"modified":"2024-04-02T02:45:48","modified_gmt":"2024-04-02T02:45:48","slug":"tambour-de-fraisage-de-12-m-a-systeme-k-espacement-de-15-mm","status":"publish","type":"product","link":"https:\/\/bm-cat.com\/dz\/produit\/tambour-de-fraisage-de-12-m-a-systeme-k-espacement-de-15-mm\/","title":{"rendered":"Tambour de fraisage de 1,2 m \u00e0 syst\u00e8me K (espacement de 15 mm)"},"content":{"rendered":"<p>Le rotor de fraisage standard du syst\u00e8me K \u00e0 espacement de 15 mm est id\u00e9al pour le retrait en surface ou complet des surfaces de routes \u00e0 des profondeurs allant jusqu&rsquo;\u00e0 330 mm (13 in). La conception durable et performante, le flux des mati\u00e8res efficace et l&rsquo;excellent motif de coupe maximisent la capacit\u00e9 de fraisage.<\/p>\n","protected":false},"excerpt":{"rendered":"<p>Le rotor de fraisage standard du syst\u00e8me K \u00e0 espacement de 15 mm est id\u00e9al pour le retrait en surface ou complet des surfaces de routes \u00e0 des profondeurs allant jusqu&rsquo;\u00e0 330 mm (13 in). La conception durable et performante, le flux des mati\u00e8res efficace et l&rsquo;excellent motif de coupe maximisent la capacit\u00e9 de fraisage.<\/p>\n","protected":false},"featured_media":0,"comment_status":"open","ping_status":"closed","template":"","meta":{"_acf_changed":false,"_sitemap_exclude":false,"_sitemap_priority":"","_sitemap_frequency":""},"product_feature":[],"product_cat":[1075],"product_tag":[],"class_list":{"0":"post-18357","1":"product","2":"type-product","3":"status-publish","5":"product_cat-rotors-rotors","7":"first","8":"instock","9":"shipping-taxable","10":"product-type-simple"},"acf":[],"_links":{"self":[{"href":"https:\/\/bm-cat.com\/dz\/wp-json\/wp\/v2\/product\/18357","targetHints":{"allow":["GET"]}}],"collection":[{"href":"https:\/\/bm-cat.com\/dz\/wp-json\/wp\/v2\/product"}],"about":[{"href":"https:\/\/bm-cat.com\/dz\/wp-json\/wp\/v2\/types\/product"}],"replies":[{"embeddable":true,"href":"https:\/\/bm-cat.com\/dz\/wp-json\/wp\/v2\/comments?post=18357"}],"wp:attachment":[{"href":"https:\/\/bm-cat.com\/dz\/wp-json\/wp\/v2\/media?parent=18357"}],"wp:term":[{"taxonomy":"product_feature","embeddable":true,"href":"https:\/\/bm-cat.com\/dz\/wp-json\/wp\/v2\/product_feature?post=18357"},{"taxonomy":"product_cat","embeddable":true,"href":"https:\/\/bm-cat.com\/dz\/wp-json\/wp\/v2\/product_cat?post=18357"},{"taxonomy":"product_tag","embeddable":true,"href":"https:\/\/bm-cat.com\/dz\/wp-json\/wp\/v2\/product_tag?post=18357"}],"curies":[{"name":"wp","href":"https:\/\/api.w.org\/{rel}","templated":true}]}}