{"id":18539,"date":"2023-12-10T07:53:05","date_gmt":"2023-12-10T07:53:05","guid":{"rendered":"https:\/\/ppr.bm-cat.com\/dz\/product\/lt118\/"},"modified":"2024-04-02T02:48:30","modified_gmt":"2024-04-02T02:48:30","slug":"lt118","status":"publish","type":"product","link":"https:\/\/bm-cat.com\/dz\/produit\/lt118\/","title":{"rendered":"LT118"},"content":{"rendered":"<p>Les rotoculteurs Cat\u00ae sont con\u00e7us pour ameublir et broyer la terre, m\u00e9langer le compost ou d&rsquo;autres mat\u00e9riaux au sol pr\u00e9sent et stabiliser et niveler le terrain existant dans les applications de finition d&rsquo;am\u00e9nagement de sites. Ils sont id\u00e9aux pour la construction de b\u00e2timents r\u00e9sidentiels, commerciaux, agricoles, ainsi que pour l&rsquo;entretien des pelouses et des terrains de golf.<\/p>\n","protected":false},"excerpt":{"rendered":"<p>Les rotoculteurs ameublissent et m\u00e9langent la terre dans les applications d&rsquo;am\u00e9nagement paysager.<\/p>\n","protected":false},"featured_media":0,"comment_status":"open","ping_status":"closed","template":"","meta":{"_acf_changed":false,"_sitemap_exclude":false,"_sitemap_priority":"","_sitemap_frequency":""},"product_feature":[],"product_cat":[1079],"product_tag":[],"class_list":{"0":"post-18539","1":"product","2":"type-product","3":"status-publish","5":"product_cat-rotoculteurs-rotoculteurs","7":"first","8":"instock","9":"shipping-taxable","10":"product-type-simple"},"acf":[],"_links":{"self":[{"href":"https:\/\/bm-cat.com\/dz\/wp-json\/wp\/v2\/product\/18539","targetHints":{"allow":["GET"]}}],"collection":[{"href":"https:\/\/bm-cat.com\/dz\/wp-json\/wp\/v2\/product"}],"about":[{"href":"https:\/\/bm-cat.com\/dz\/wp-json\/wp\/v2\/types\/product"}],"replies":[{"embeddable":true,"href":"https:\/\/bm-cat.com\/dz\/wp-json\/wp\/v2\/comments?post=18539"}],"wp:attachment":[{"href":"https:\/\/bm-cat.com\/dz\/wp-json\/wp\/v2\/media?parent=18539"}],"wp:term":[{"taxonomy":"product_feature","embeddable":true,"href":"https:\/\/bm-cat.com\/dz\/wp-json\/wp\/v2\/product_feature?post=18539"},{"taxonomy":"product_cat","embeddable":true,"href":"https:\/\/bm-cat.com\/dz\/wp-json\/wp\/v2\/product_cat?post=18539"},{"taxonomy":"product_tag","embeddable":true,"href":"https:\/\/bm-cat.com\/dz\/wp-json\/wp\/v2\/product_tag?post=18539"}],"curies":[{"name":"wp","href":"https:\/\/api.w.org\/{rel}","templated":true}]}}