{"id":18794,"date":"2023-12-21T11:05:27","date_gmt":"2023-12-21T11:05:27","guid":{"rendered":"https:\/\/ppr.bm-cat.com\/dz\/product\/controleur-maitre-de-microreseau-moyen-cat-mmc-m\/"},"modified":"2024-04-02T02:39:25","modified_gmt":"2024-04-02T02:39:25","slug":"controleur-maitre-de-microreseau-moyen-cat-mmc-m","status":"publish","type":"product","link":"https:\/\/bm-cat.com\/dz\/produit\/controleur-maitre-de-microreseau-moyen-cat-mmc-m\/","title":{"rendered":"Contr\u00f4leur ma\u00eetre de micror\u00e9seau-Moyen Cat\u00ae (MMC-M)"},"content":{"rendered":"<p>Le MMC-M Cat\u00ae est con\u00e7u pour les grandes installations industrielles\/commerciales de taille moyenne \u00e0 grande. Le MMC-M int\u00e8gre diverses sources d&rsquo;\u00e9nergies traditionnelles et renouvelables pour fournir une surveillance et un contr\u00f4le globaux des \u00e9quipements. Ces derniers peuvent \u00eatre soit situ\u00e9s au niveau d&rsquo;une installation commune ou r\u00e9partis sur une zone plus vaste.<\/p>\n","protected":false},"excerpt":{"rendered":"<p>Le MMC-M Cat\u00ae est con\u00e7u pour les grandes installations industrielles\/commerciales de taille moyenne \u00e0 grande. Le MMC-M int\u00e8gre diverses sources d&rsquo;\u00e9nergies traditionnelles et renouvelables pour fournir une surveillance et un contr\u00f4le globaux des \u00e9quipements. Ces derniers peuvent \u00eatre soit situ\u00e9s au niveau d&rsquo;une installation commune ou r\u00e9partis sur une zone plus vaste.<\/p>\n","protected":false},"featured_media":0,"comment_status":"open","ping_status":"closed","template":"","meta":{"_acf_changed":false,"_sitemap_exclude":false,"_sitemap_priority":"","_sitemap_frequency":""},"product_feature":[],"product_cat":[849],"product_tag":[],"class_list":{"0":"post-18794","1":"product","2":"type-product","3":"status-publish","5":"product_cat-panneaux-de-commande","7":"first","8":"instock","9":"shipping-taxable","10":"product-type-simple"},"acf":[],"_links":{"self":[{"href":"https:\/\/bm-cat.com\/dz\/wp-json\/wp\/v2\/product\/18794","targetHints":{"allow":["GET"]}}],"collection":[{"href":"https:\/\/bm-cat.com\/dz\/wp-json\/wp\/v2\/product"}],"about":[{"href":"https:\/\/bm-cat.com\/dz\/wp-json\/wp\/v2\/types\/product"}],"replies":[{"embeddable":true,"href":"https:\/\/bm-cat.com\/dz\/wp-json\/wp\/v2\/comments?post=18794"}],"wp:attachment":[{"href":"https:\/\/bm-cat.com\/dz\/wp-json\/wp\/v2\/media?parent=18794"}],"wp:term":[{"taxonomy":"product_feature","embeddable":true,"href":"https:\/\/bm-cat.com\/dz\/wp-json\/wp\/v2\/product_feature?post=18794"},{"taxonomy":"product_cat","embeddable":true,"href":"https:\/\/bm-cat.com\/dz\/wp-json\/wp\/v2\/product_cat?post=18794"},{"taxonomy":"product_tag","embeddable":true,"href":"https:\/\/bm-cat.com\/dz\/wp-json\/wp\/v2\/product_tag?post=18794"}],"curies":[{"name":"wp","href":"https:\/\/api.w.org\/{rel}","templated":true}]}}