{"id":19831,"date":"2026-04-08T03:32:27","date_gmt":"2026-04-08T03:32:27","guid":{"rendered":"https:\/\/bm-cat.com\/dz\/product\/345\/"},"modified":"2026-04-08T03:33:27","modified_gmt":"2026-04-08T03:33:27","slug":"345","status":"publish","type":"product","link":"https:\/\/bm-cat.com\/dz\/produit\/345\/","title":{"rendered":"345"},"content":{"rendered":"<p>La 345 Cat\u00ae est un ma\u00eetre du multit\u00e2che qui offre un \u00e9quilibre entre une production fiable, des fonctionnalit\u00e9s ax\u00e9es sur le conducteur et de faibles co\u00fbts d&rsquo;exploitation. \u00c9quip\u00e9e du Moteur C9.3B Cat de 258 kW fiable et de deux modes de puissance permettant de g\u00e9rer la consommation de carburant pour des applications sp\u00e9cifiques telles que le chargement de tombereaux et le creusement de tranch\u00e9es, cette machine est compatible avec de nombreux accessoires Cat et constitue un choix judicieux pour les op\u00e9rations o\u00f9 la constance et les performances sont prioritaires.<\/p>\n","protected":false},"excerpt":{"rendered":"<p>La 345 Cat\u00ae est un ma\u00eetre du multit\u00e2che qui offre un \u00e9quilibre entre une production fiable, des fonctionnalit\u00e9s ax\u00e9es sur le conducteur et de faibles co\u00fbts d&rsquo;exploitation. \u00c9quip\u00e9e du Moteur C9.3B Cat de 258 kW fiable et de deux modes de puissance permettant de g\u00e9rer la consommation de carburant pour des applications sp\u00e9cifiques telles que le chargement de tombereaux et le creusement de tranch\u00e9es, cette machine est compatible avec de nombreux accessoires Cat et constitue un choix judicieux pour les op\u00e9rations o\u00f9 la constance et les performances sont prioritaires.<\/p>\n","protected":false},"featured_media":0,"comment_status":"open","ping_status":"closed","template":"","meta":{"_acf_changed":false,"_sitemap_exclude":false,"_sitemap_priority":"","_sitemap_frequency":""},"product_feature":[],"product_cat":[570],"product_tag":[],"class_list":{"0":"post-19831","1":"product","2":"type-product","3":"status-publish","5":"product_cat-grosses-pelles-hydrauliques","7":"first","8":"instock","9":"shipping-taxable","10":"product-type-simple"},"acf":[],"_links":{"self":[{"href":"https:\/\/bm-cat.com\/dz\/wp-json\/wp\/v2\/product\/19831","targetHints":{"allow":["GET"]}}],"collection":[{"href":"https:\/\/bm-cat.com\/dz\/wp-json\/wp\/v2\/product"}],"about":[{"href":"https:\/\/bm-cat.com\/dz\/wp-json\/wp\/v2\/types\/product"}],"replies":[{"embeddable":true,"href":"https:\/\/bm-cat.com\/dz\/wp-json\/wp\/v2\/comments?post=19831"}],"wp:attachment":[{"href":"https:\/\/bm-cat.com\/dz\/wp-json\/wp\/v2\/media?parent=19831"}],"wp:term":[{"taxonomy":"product_feature","embeddable":true,"href":"https:\/\/bm-cat.com\/dz\/wp-json\/wp\/v2\/product_feature?post=19831"},{"taxonomy":"product_cat","embeddable":true,"href":"https:\/\/bm-cat.com\/dz\/wp-json\/wp\/v2\/product_cat?post=19831"},{"taxonomy":"product_tag","embeddable":true,"href":"https:\/\/bm-cat.com\/dz\/wp-json\/wp\/v2\/product_tag?post=19831"}],"curies":[{"name":"wp","href":"https:\/\/api.w.org\/{rel}","templated":true}]}}