{"id":19835,"date":"2026-04-08T03:40:17","date_gmt":"2026-04-08T03:40:17","guid":{"rendered":"https:\/\/bm-cat.com\/dz\/product\/160-160-awd\/"},"modified":"2026-04-08T03:44:06","modified_gmt":"2026-04-08T03:44:06","slug":"160-160-awd","status":"publish","type":"product","link":"https:\/\/bm-cat.com\/dz\/produit\/160-160-awd\/","title":{"rendered":"160 \/ 160 AWD"},"content":{"rendered":"<p>Con\u00e7ue pour offrir un confort maximal au conducteur, la Niveleuse 160 Cat\u00ae optimise l&rsquo;efficacit\u00e9 op\u00e9rationnelle et la productivit\u00e9. Accomplissez toutes vos t\u00e2ches gr\u00e2ce aux Niveleuses 160. Gr\u00e2ce \u00e0 leur facilit\u00e9 d&rsquo;utilisation et d&rsquo;entretien, tirez le meilleur parti de votre investissement pour construire et entretenir des routes.<\/p>\n","protected":false},"excerpt":{"rendered":"<p>Con\u00e7ue pour offrir un confort maximal au conducteur, la Niveleuse 160 Cat\u00ae optimise l&rsquo;efficacit\u00e9 op\u00e9rationnelle et la productivit\u00e9. Accomplissez toutes vos t\u00e2ches gr\u00e2ce aux Niveleuses 160. Gr\u00e2ce \u00e0 leur facilit\u00e9 d&rsquo;utilisation et d&rsquo;entretien, tirez le meilleur parti de votre investissement pour construire et entretenir des routes.<\/p>\n","protected":false},"featured_media":0,"comment_status":"open","ping_status":"closed","template":"","meta":{"_acf_changed":false,"_sitemap_exclude":false,"_sitemap_priority":"","_sitemap_frequency":""},"product_feature":[],"product_cat":[1009],"product_tag":[],"class_list":{"0":"post-19835","1":"product","2":"type-product","3":"status-publish","5":"product_cat-niveleuses-niveleuses","7":"first","8":"instock","9":"shipping-taxable","10":"product-type-simple"},"acf":[],"_links":{"self":[{"href":"https:\/\/bm-cat.com\/dz\/wp-json\/wp\/v2\/product\/19835","targetHints":{"allow":["GET"]}}],"collection":[{"href":"https:\/\/bm-cat.com\/dz\/wp-json\/wp\/v2\/product"}],"about":[{"href":"https:\/\/bm-cat.com\/dz\/wp-json\/wp\/v2\/types\/product"}],"replies":[{"embeddable":true,"href":"https:\/\/bm-cat.com\/dz\/wp-json\/wp\/v2\/comments?post=19835"}],"wp:attachment":[{"href":"https:\/\/bm-cat.com\/dz\/wp-json\/wp\/v2\/media?parent=19835"}],"wp:term":[{"taxonomy":"product_feature","embeddable":true,"href":"https:\/\/bm-cat.com\/dz\/wp-json\/wp\/v2\/product_feature?post=19835"},{"taxonomy":"product_cat","embeddable":true,"href":"https:\/\/bm-cat.com\/dz\/wp-json\/wp\/v2\/product_cat?post=19835"},{"taxonomy":"product_tag","embeddable":true,"href":"https:\/\/bm-cat.com\/dz\/wp-json\/wp\/v2\/product_tag?post=19835"}],"curies":[{"name":"wp","href":"https:\/\/api.w.org\/{rel}","templated":true}]}}