{"id":14943,"date":"2024-01-11T13:14:42","date_gmt":"2024-01-11T13:14:42","guid":{"rendered":"https:\/\/ppr.bm-cat.com\/fr\/product\/ap555\/"},"modified":"2025-03-19T13:04:44","modified_gmt":"2025-03-19T13:04:44","slug":"ap555","status":"publish","type":"product","link":"https:\/\/bm-cat.com\/fr\/product\/ap555\/","title":{"rendered":"AP555"},"content":{"rendered":"<p>La taille du Finisseur AP555 Mobil-trac\u2122 Cat\u00ae convient \u00e0 la fois aux applications urbaines et rurales. Il offre une excellente traction et mobilit\u00e9, ainsi qu&rsquo;un r\u00e9glage facile et une large plage de pose de rev\u00eatement, qui font de lui d&rsquo;outil id\u00e9al pour les rev\u00eatements urbains, les parkings, les routes de campagne et de nombreuses autres applications de taille petite \u00e0 moyenne.<\/p>\n","protected":false},"excerpt":{"rendered":"<p>La taille du Finisseur AP555 Mobil-trac\u2122 Cat\u00ae convient \u00e0 la fois aux applications urbaines et rurales. Il offre une excellente traction et mobilit\u00e9, ainsi qu&rsquo;un r\u00e9glage facile et une large plage de pose de rev\u00eatement, qui font de lui d&rsquo;outil id\u00e9al pour les rev\u00eatements urbains, les parkings, les routes de campagne et de nombreuses autres applications de taille petite \u00e0 moyenne.<\/p>\n","protected":false},"featured_media":0,"comment_status":"open","ping_status":"closed","template":"","meta":{"_acf_changed":false,"_sitemap_exclude":false,"_sitemap_priority":"","_sitemap_frequency":""},"product_feature":[],"product_cat":[352],"product_tag":[],"class_list":{"0":"post-14943","1":"product","2":"type-product","3":"status-publish","5":"product_cat-finisseurs-a-chaines","7":"first","8":"instock","9":"shipping-taxable","10":"product-type-simple"},"acf":[],"_links":{"self":[{"href":"https:\/\/bm-cat.com\/fr\/wp-json\/wp\/v2\/product\/14943","targetHints":{"allow":["GET"]}}],"collection":[{"href":"https:\/\/bm-cat.com\/fr\/wp-json\/wp\/v2\/product"}],"about":[{"href":"https:\/\/bm-cat.com\/fr\/wp-json\/wp\/v2\/types\/product"}],"replies":[{"embeddable":true,"href":"https:\/\/bm-cat.com\/fr\/wp-json\/wp\/v2\/comments?post=14943"}],"wp:attachment":[{"href":"https:\/\/bm-cat.com\/fr\/wp-json\/wp\/v2\/media?parent=14943"}],"wp:term":[{"taxonomy":"product_feature","embeddable":true,"href":"https:\/\/bm-cat.com\/fr\/wp-json\/wp\/v2\/product_feature?post=14943"},{"taxonomy":"product_cat","embeddable":true,"href":"https:\/\/bm-cat.com\/fr\/wp-json\/wp\/v2\/product_cat?post=14943"},{"taxonomy":"product_tag","embeddable":true,"href":"https:\/\/bm-cat.com\/fr\/wp-json\/wp\/v2\/product_tag?post=14943"}],"curies":[{"name":"wp","href":"https:\/\/api.w.org\/{rel}","templated":true}]}}