{"id":14944,"date":"2024-01-11T13:14:46","date_gmt":"2024-01-11T13:14:46","guid":{"rendered":"https:\/\/ppr.bm-cat.com\/fr\/product\/ap655\/"},"modified":"2025-03-19T13:04:47","modified_gmt":"2025-03-19T13:04:47","slug":"ap655","status":"publish","type":"product","link":"https:\/\/bm-cat.com\/fr\/product\/ap655\/","title":{"rendered":"AP655"},"content":{"rendered":"<p>L&rsquo;AP655 est un finisseur \u00e0 cha\u00eenes en caoutchouc qui offre un fort retour sur investissement. Ce finisseur \u00e0 haut rendement dispose d&rsquo;un syst\u00e8me de chauffage rapide de la table, de composants durables, d&rsquo;une technologie simple d&rsquo;utilisation, ainsi que d&rsquo;une faible consommation de carburant. Un large choix de tables offre une grande polyvalence et des r\u00e9sultats de grande qualit\u00e9 sur les autoroutes, les a\u00e9roports et les parkings.<\/p>\n","protected":false},"excerpt":{"rendered":"<p>L&rsquo;AP655 est un finisseur \u00e0 cha\u00eenes en caoutchouc qui offre un fort retour sur investissement. Ce finisseur \u00e0 haut rendement dispose d&rsquo;un syst\u00e8me de chauffage rapide de la table, de composants durables, d&rsquo;une technologie simple d&rsquo;utilisation, ainsi que d&rsquo;une faible consommation de carburant. Un large choix de tables offre une grande polyvalence et des r\u00e9sultats de grande qualit\u00e9 sur les autoroutes, les a\u00e9roports et les parkings.<\/p>\n","protected":false},"featured_media":0,"comment_status":"open","ping_status":"closed","template":"","meta":{"_acf_changed":false,"_sitemap_exclude":false,"_sitemap_priority":"","_sitemap_frequency":""},"product_feature":[],"product_cat":[352],"product_tag":[],"class_list":{"0":"post-14944","1":"product","2":"type-product","3":"status-publish","5":"product_cat-finisseurs-a-chaines","7":"first","8":"instock","9":"shipping-taxable","10":"product-type-simple"},"acf":[],"_links":{"self":[{"href":"https:\/\/bm-cat.com\/fr\/wp-json\/wp\/v2\/product\/14944","targetHints":{"allow":["GET"]}}],"collection":[{"href":"https:\/\/bm-cat.com\/fr\/wp-json\/wp\/v2\/product"}],"about":[{"href":"https:\/\/bm-cat.com\/fr\/wp-json\/wp\/v2\/types\/product"}],"replies":[{"embeddable":true,"href":"https:\/\/bm-cat.com\/fr\/wp-json\/wp\/v2\/comments?post=14944"}],"wp:attachment":[{"href":"https:\/\/bm-cat.com\/fr\/wp-json\/wp\/v2\/media?parent=14944"}],"wp:term":[{"taxonomy":"product_feature","embeddable":true,"href":"https:\/\/bm-cat.com\/fr\/wp-json\/wp\/v2\/product_feature?post=14944"},{"taxonomy":"product_cat","embeddable":true,"href":"https:\/\/bm-cat.com\/fr\/wp-json\/wp\/v2\/product_cat?post=14944"},{"taxonomy":"product_tag","embeddable":true,"href":"https:\/\/bm-cat.com\/fr\/wp-json\/wp\/v2\/product_tag?post=14944"}],"curies":[{"name":"wp","href":"https:\/\/api.w.org\/{rel}","templated":true}]}}