{"id":14945,"date":"2024-01-11T13:14:51","date_gmt":"2024-01-11T13:14:51","guid":{"rendered":"https:\/\/ppr.bm-cat.com\/fr\/product\/finisseur-ap655-avec-chaine-en-acier\/"},"modified":"2025-03-19T13:04:49","modified_gmt":"2025-03-19T13:04:49","slug":"finisseur-ap655-avec-chaine-en-acier","status":"publish","type":"product","link":"https:\/\/bm-cat.com\/fr\/product\/finisseur-ap655-avec-chaine-en-acier\/","title":{"rendered":"Finisseur AP655 avec cha\u00eene en acier"},"content":{"rendered":"<p>Le finisseur avec cha\u00eenes en acier AP655 fournit un fort retour sur investissement gr\u00e2ce \u00e0 son syst\u00e8me de chauffage de table rapide, ses composant r\u00e9sistants et sa technologie simple d&rsquo;utilisation. Un large choix de tables offre une grande polyvalence et des r\u00e9sultats de grande qualit\u00e9 sur les autoroutes, les a\u00e9roports et les parkings.<\/p>\n","protected":false},"excerpt":{"rendered":"<p>Le finisseur avec cha\u00eenes en acier AP655 fournit un fort retour sur investissement gr\u00e2ce \u00e0 son syst\u00e8me de chauffage de table rapide, ses composant r\u00e9sistants et sa technologie simple d&rsquo;utilisation. Un large choix de tables offre une grande polyvalence et des r\u00e9sultats de grande qualit\u00e9 sur les autoroutes, les a\u00e9roports et les parkings.<\/p>\n","protected":false},"featured_media":0,"comment_status":"open","ping_status":"closed","template":"","meta":{"_acf_changed":false,"_sitemap_exclude":false,"_sitemap_priority":"","_sitemap_frequency":""},"product_feature":[],"product_cat":[352],"product_tag":[],"class_list":{"0":"post-14945","1":"product","2":"type-product","3":"status-publish","5":"product_cat-finisseurs-a-chaines","7":"first","8":"instock","9":"shipping-taxable","10":"product-type-simple"},"acf":[],"_links":{"self":[{"href":"https:\/\/bm-cat.com\/fr\/wp-json\/wp\/v2\/product\/14945","targetHints":{"allow":["GET"]}}],"collection":[{"href":"https:\/\/bm-cat.com\/fr\/wp-json\/wp\/v2\/product"}],"about":[{"href":"https:\/\/bm-cat.com\/fr\/wp-json\/wp\/v2\/types\/product"}],"replies":[{"embeddable":true,"href":"https:\/\/bm-cat.com\/fr\/wp-json\/wp\/v2\/comments?post=14945"}],"wp:attachment":[{"href":"https:\/\/bm-cat.com\/fr\/wp-json\/wp\/v2\/media?parent=14945"}],"wp:term":[{"taxonomy":"product_feature","embeddable":true,"href":"https:\/\/bm-cat.com\/fr\/wp-json\/wp\/v2\/product_feature?post=14945"},{"taxonomy":"product_cat","embeddable":true,"href":"https:\/\/bm-cat.com\/fr\/wp-json\/wp\/v2\/product_cat?post=14945"},{"taxonomy":"product_tag","embeddable":true,"href":"https:\/\/bm-cat.com\/fr\/wp-json\/wp\/v2\/product_tag?post=14945"}],"curies":[{"name":"wp","href":"https:\/\/api.w.org\/{rel}","templated":true}]}}