{"id":14971,"date":"2024-01-11T13:29:49","date_gmt":"2024-01-11T13:29:49","guid":{"rendered":"https:\/\/ppr.bm-cat.com\/fr\/product\/bb124\/"},"modified":"2025-03-19T11:33:27","modified_gmt":"2025-03-19T11:33:27","slug":"bb124","status":"publish","type":"product","link":"https:\/\/bm-cat.com\/fr\/product\/bb124\/","title":{"rendered":"BB124"},"content":{"rendered":"<p>Les Lames niveleuses Cat\u00ae sont con\u00e7ues pour l&rsquo;aplanissement et le nivellement de biens immobiliers commerciaux, r\u00e9sidentiels, chauss\u00e9es et aires de stationnement d&rsquo;envergure et peuvent \u00eatre utilis\u00e9es manuellement ou automatiquement \u00e0 l&rsquo;aide de syst\u00e8mes de nivellement Laser ou GPS. Con\u00e7ues pour \u00eatre associ\u00e9es aux composants \u00e9lectroniques AccuGrade\u00ae, elles permettent d&rsquo;obtenir des niveaux \u00e9lev\u00e9s de pr\u00e9cision de nivellement, tout en optimisant la productivit\u00e9 et en r\u00e9duisant les co\u00fbts d&rsquo;exploitation. La lame niveleuse permet d&rsquo;obtenir diverses r\u00e9alisations comme des terrains d&rsquo;athl\u00e9tisme, la pr\u00e9paration du b\u00e9ton, le nivellement dans des b\u00e2timents et espaces restreints, aires de stationnement et le remblayage.<\/p>\n","protected":false},"excerpt":{"rendered":"<p>Les lames niveleuses Cat\u00ae sont con\u00e7ues pour l&rsquo;aplanissement et le nivellement. Chaque mod\u00e8le est con\u00e7u pour fonctionner manuellement ou automatiquement \u00e0 l&rsquo;aide de syst\u00e8mes de nivellement laser ou GPS.<\/p>\n","protected":false},"featured_media":0,"comment_status":"open","ping_status":"closed","template":"","meta":{"_acf_changed":false,"_sitemap_exclude":false,"_sitemap_priority":"","_sitemap_frequency":""},"product_feature":[],"product_cat":[502],"product_tag":[],"class_list":{"0":"post-14971","1":"product","2":"type-product","3":"status-publish","5":"product_brand-caterpillar","6":"product_cat-lames-niveleuses","8":"first","9":"instock","10":"shipping-taxable","11":"product-type-simple"},"acf":[],"_links":{"self":[{"href":"https:\/\/bm-cat.com\/fr\/wp-json\/wp\/v2\/product\/14971","targetHints":{"allow":["GET"]}}],"collection":[{"href":"https:\/\/bm-cat.com\/fr\/wp-json\/wp\/v2\/product"}],"about":[{"href":"https:\/\/bm-cat.com\/fr\/wp-json\/wp\/v2\/types\/product"}],"replies":[{"embeddable":true,"href":"https:\/\/bm-cat.com\/fr\/wp-json\/wp\/v2\/comments?post=14971"}],"wp:attachment":[{"href":"https:\/\/bm-cat.com\/fr\/wp-json\/wp\/v2\/media?parent=14971"}],"wp:term":[{"taxonomy":"product_feature","embeddable":true,"href":"https:\/\/bm-cat.com\/fr\/wp-json\/wp\/v2\/product_feature?post=14971"},{"taxonomy":"product_cat","embeddable":true,"href":"https:\/\/bm-cat.com\/fr\/wp-json\/wp\/v2\/product_cat?post=14971"},{"taxonomy":"product_tag","embeddable":true,"href":"https:\/\/bm-cat.com\/fr\/wp-json\/wp\/v2\/product_tag?post=14971"}],"curies":[{"name":"wp","href":"https:\/\/api.w.org\/{rel}","templated":true}]}}