{"id":14984,"date":"2024-01-11T13:30:48","date_gmt":"2024-01-11T13:30:48","guid":{"rendered":"https:\/\/ppr.bm-cat.com\/fr\/product\/brx318-industrielle\/"},"modified":"2025-03-19T11:34:38","modified_gmt":"2025-03-19T11:34:38","slug":"brx318-industrielle","status":"publish","type":"product","link":"https:\/\/bm-cat.com\/fr\/product\/brx318-industrielle\/","title":{"rendered":"BRX318 industrielle"},"content":{"rendered":"<p>Les d\u00e9broussailleuses industrielles Cat\u00ae sont con\u00e7ues pour l&rsquo;entretien des espaces verts, l&rsquo;infrastructure r\u00e9seau, la pr\u00e9paration de sites et les travaux d&rsquo;entretien des broussailles, des arbustes et de la v\u00e9g\u00e9tation dense. Ces combinaisons de machine et d&rsquo;outil de travail sont con\u00e7ues pour d\u00e9livrer une vitesse et une productivit\u00e9 in\u00e9gal\u00e9es pour les travaux de nettoyage des broussailles envahissantes des terre-plein centraux d&rsquo;autoroutes, des servitudes, mais aussi le d\u00e9frichement initial des zones r\u00e9sidentielles, des parcs et des aires de jeux. La d\u00e9broussailleuse industrielle a \u00e9t\u00e9 con\u00e7ue pour r\u00e9sister aux applications de d\u00e9frichement intensives et offrir une capacit\u00e9 de coupe de mat\u00e9riau d&rsquo;un diam\u00e8tre pouvant aller jusqu&rsquo;\u00e0 200 mm (8 in).<\/p>\n","protected":false},"excerpt":{"rendered":"<p>Les d\u00e9broussailleuses industrielles Cat\u00ae sont con\u00e7ues pour l&rsquo;entretien d&#8217;emprise, le d\u00e9frichement et le d\u00e9broussaillage.<\/p>\n","protected":false},"featured_media":0,"comment_status":"open","ping_status":"closed","template":"","meta":{"_acf_changed":false,"_sitemap_exclude":false,"_sitemap_priority":"","_sitemap_frequency":""},"product_feature":[],"product_cat":[544],"product_tag":[],"class_list":{"0":"post-14984","1":"product","2":"type-product","3":"status-publish","5":"product_brand-caterpillar","6":"product_cat-debroussailleuses-debroussailleuses","8":"first","9":"instock","10":"shipping-taxable","11":"product-type-simple"},"acf":[],"_links":{"self":[{"href":"https:\/\/bm-cat.com\/fr\/wp-json\/wp\/v2\/product\/14984","targetHints":{"allow":["GET"]}}],"collection":[{"href":"https:\/\/bm-cat.com\/fr\/wp-json\/wp\/v2\/product"}],"about":[{"href":"https:\/\/bm-cat.com\/fr\/wp-json\/wp\/v2\/types\/product"}],"replies":[{"embeddable":true,"href":"https:\/\/bm-cat.com\/fr\/wp-json\/wp\/v2\/comments?post=14984"}],"wp:attachment":[{"href":"https:\/\/bm-cat.com\/fr\/wp-json\/wp\/v2\/media?parent=14984"}],"wp:term":[{"taxonomy":"product_feature","embeddable":true,"href":"https:\/\/bm-cat.com\/fr\/wp-json\/wp\/v2\/product_feature?post=14984"},{"taxonomy":"product_cat","embeddable":true,"href":"https:\/\/bm-cat.com\/fr\/wp-json\/wp\/v2\/product_cat?post=14984"},{"taxonomy":"product_tag","embeddable":true,"href":"https:\/\/bm-cat.com\/fr\/wp-json\/wp\/v2\/product_tag?post=14984"}],"curies":[{"name":"wp","href":"https:\/\/api.w.org\/{rel}","templated":true}]}}