{"id":15338,"date":"2024-01-11T15:17:06","date_gmt":"2024-01-11T15:17:06","guid":{"rendered":"https:\/\/ppr.bm-cat.com\/fr\/product\/controleur-maitre-de-microreseau-moyen-cat-mmc-m\/"},"modified":"2025-03-19T11:57:28","modified_gmt":"2025-03-19T11:57:28","slug":"controleur-maitre-de-microreseau-moyen-cat-mmc-m","status":"publish","type":"product","link":"https:\/\/bm-cat.com\/fr\/product\/controleur-maitre-de-microreseau-moyen-cat-mmc-m\/","title":{"rendered":"Contr\u00f4leur ma\u00eetre de micror\u00e9seau-Moyen Cat\u00ae (MMC-M)"},"content":{"rendered":"<p>Le contr\u00f4leur ma\u00eetre de micror\u00e9seau-moyen Cat\u00ae (MMC-M) est con\u00e7u pour les installations industrielles\/commerciales de taille moyenne \u00e0 grande. Le MMC-M int\u00e8gre diverses sources d&rsquo;\u00e9nergies traditionnelles et renouvelables pour fournir une surveillance et un contr\u00f4le globaux des \u00e9quipements. Ces derniers peuvent \u00eatre soit situ\u00e9s au niveau d&rsquo;une installation commune ou r\u00e9partis sur une zone plus vaste.<\/p>\n","protected":false},"excerpt":{"rendered":"<p>Le contr\u00f4leur ma\u00eetre de micror\u00e9seau-moyen Cat\u00ae (MMC-M, Microgrid Master Controller-Medium) est con\u00e7u pour les installations industrielles\/commerciales de taille moyenne \u00e0 grande. Le MMC-M int\u00e8gre diverses sources d&rsquo;\u00e9nergies traditionnelles et renouvelables pour fournir une surveillance et un contr\u00f4le globaux des \u00e9quipements. Ces derniers peuvent \u00eatre soit situ\u00e9s au niveau d&rsquo;une installation commune ou r\u00e9partis sur une zone plus vaste.<\/p>\n","protected":false},"featured_media":0,"comment_status":"open","ping_status":"closed","template":"","meta":{"_acf_changed":false,"_sitemap_exclude":false,"_sitemap_priority":"","_sitemap_frequency":""},"product_feature":[],"product_cat":[512],"product_tag":[],"class_list":{"0":"post-15338","1":"product","2":"type-product","3":"status-publish","5":"product_cat-panneaux-de-commande","7":"first","8":"instock","9":"shipping-taxable","10":"product-type-simple"},"acf":[],"_links":{"self":[{"href":"https:\/\/bm-cat.com\/fr\/wp-json\/wp\/v2\/product\/15338","targetHints":{"allow":["GET"]}}],"collection":[{"href":"https:\/\/bm-cat.com\/fr\/wp-json\/wp\/v2\/product"}],"about":[{"href":"https:\/\/bm-cat.com\/fr\/wp-json\/wp\/v2\/types\/product"}],"replies":[{"embeddable":true,"href":"https:\/\/bm-cat.com\/fr\/wp-json\/wp\/v2\/comments?post=15338"}],"wp:attachment":[{"href":"https:\/\/bm-cat.com\/fr\/wp-json\/wp\/v2\/media?parent=15338"}],"wp:term":[{"taxonomy":"product_feature","embeddable":true,"href":"https:\/\/bm-cat.com\/fr\/wp-json\/wp\/v2\/product_feature?post=15338"},{"taxonomy":"product_cat","embeddable":true,"href":"https:\/\/bm-cat.com\/fr\/wp-json\/wp\/v2\/product_cat?post=15338"},{"taxonomy":"product_tag","embeddable":true,"href":"https:\/\/bm-cat.com\/fr\/wp-json\/wp\/v2\/product_tag?post=15338"}],"curies":[{"name":"wp","href":"https:\/\/api.w.org\/{rel}","templated":true}]}}