{"id":15758,"date":"2024-01-29T01:21:37","date_gmt":"2024-01-29T01:21:37","guid":{"rendered":"https:\/\/ppr.bm-cat.com\/fr\/product\/938\/"},"modified":"2025-03-19T13:37:01","modified_gmt":"2025-03-19T13:37:01","slug":"938","status":"publish","type":"product","link":"https:\/\/bm-cat.com\/fr\/product\/938\/","title":{"rendered":"938"},"content":{"rendered":"<p>Les chargeuses sur pneus Cat\u00ae sont la nouvelle r\u00e9f\u00e9rence en mati\u00e8re de productivit\u00e9, de rendement \u00e9nerg\u00e9tique, de confort du conducteur et de faibles co\u00fbts d&rsquo;exploitation. La petite chargeuse sur pneus 938 Cat est \u00e9quip\u00e9e d&rsquo;un moteur C7.1 \u00e0 couple \u00e9lev\u00e9 qui fonctionne en association avec une cha\u00eene cin\u00e9matique intelligente \u00e0 direction  hydrostatique pour offrir un rendement \u00e9nerg\u00e9tique exceptionnel. Conforme \u00e0 la norme am\u00e9ricaine EPA Tier 4 Final et europ\u00e9enne Stage V, enti\u00e8rement autonome. Vous pouvez ainsi pleinement vous concentrer sur votre travail. Les intervalles d&rsquo;entretien prolong\u00e9s jusqu&rsquo;\u00e0 1000 heures permettent de r\u00e9duire de 45 % l&rsquo;utilisation de liquides et de filtres (par comparaison avec les mod\u00e8les de la s\u00e9rie M pr\u00e9c\u00e9dente) tout en maintenant de faibles co\u00fbts d&rsquo;exploitation.<\/p>\n","protected":false},"excerpt":{"rendered":"<p>La petite chargeuse sur pneus 938 est la nouvelle r\u00e9f\u00e9rence en mati\u00e8re de productivit\u00e9, de rendement \u00e9nerg\u00e9tique, de confort du conducteur et de faibles co\u00fbts d&rsquo;exploitation. D\u00e9couvrez la r\u00e9f\u00e9rence du march\u00e9.<\/p>\n","protected":false},"featured_media":0,"comment_status":"open","ping_status":"closed","template":"","meta":{"_acf_changed":false,"_sitemap_exclude":false,"_sitemap_priority":"","_sitemap_frequency":""},"product_feature":[],"product_cat":[396],"product_tag":[],"class_list":{"0":"post-15758","1":"product","2":"type-product","3":"status-publish","5":"product_cat-petites-chargeuses-sur-pneus","7":"first","8":"instock","9":"shipping-taxable","10":"product-type-simple"},"acf":[],"_links":{"self":[{"href":"https:\/\/bm-cat.com\/fr\/wp-json\/wp\/v2\/product\/15758","targetHints":{"allow":["GET"]}}],"collection":[{"href":"https:\/\/bm-cat.com\/fr\/wp-json\/wp\/v2\/product"}],"about":[{"href":"https:\/\/bm-cat.com\/fr\/wp-json\/wp\/v2\/types\/product"}],"replies":[{"embeddable":true,"href":"https:\/\/bm-cat.com\/fr\/wp-json\/wp\/v2\/comments?post=15758"}],"wp:attachment":[{"href":"https:\/\/bm-cat.com\/fr\/wp-json\/wp\/v2\/media?parent=15758"}],"wp:term":[{"taxonomy":"product_feature","embeddable":true,"href":"https:\/\/bm-cat.com\/fr\/wp-json\/wp\/v2\/product_feature?post=15758"},{"taxonomy":"product_cat","embeddable":true,"href":"https:\/\/bm-cat.com\/fr\/wp-json\/wp\/v2\/product_cat?post=15758"},{"taxonomy":"product_tag","embeddable":true,"href":"https:\/\/bm-cat.com\/fr\/wp-json\/wp\/v2\/product_tag?post=15758"}],"curies":[{"name":"wp","href":"https:\/\/api.w.org\/{rel}","templated":true}]}}