{"id":24460,"date":"2026-03-23T15:48:01","date_gmt":"2026-03-23T15:48:01","guid":{"rendered":"https:\/\/bm-cat.com\/fr\/product\/m314-2\/"},"modified":"2026-03-23T15:48:27","modified_gmt":"2026-03-23T15:48:27","slug":"m314-2","status":"publish","type":"product","link":"https:\/\/bm-cat.com\/fr\/product\/m314-2\/","title":{"rendered":"M314"},"content":{"rendered":"<p>La pelle hydraulique M314 Cat\u00ae offre des performances exceptionnelles gr\u00e2ce \u00e0 des technologies simples d&#8217;emploi permettant d&rsquo;am\u00e9liorer la productivit\u00e9 du conducteur. Avec des commandes faciles \u00e0 utiliser, une int\u00e9gration de tiltrotateur Cat, une cabine confortable et de longs intervalles d&rsquo;entretien, la M314 vous aide \u00e0 \u00e9conomiser du temps et de l&rsquo;argent.<\/p>\n","protected":false},"excerpt":{"rendered":"<p>La pelle hydraulique M314 Cat\u00ae offre des performances exceptionnelles gr\u00e2ce \u00e0 des technologies simples d&#8217;emploi permettant d&rsquo;am\u00e9liorer la productivit\u00e9 du conducteur. Avec des commandes faciles \u00e0 utiliser, une int\u00e9gration de tiltrotateur Cat, une cabine confortable et de longs intervalles d&rsquo;entretien, la M314 vous aide \u00e0 \u00e9conomiser du temps et de l&rsquo;argent.<\/p>\n","protected":false},"featured_media":0,"comment_status":"open","ping_status":"closed","template":"","meta":{"_acf_changed":false,"_sitemap_exclude":false,"_sitemap_priority":"","_sitemap_frequency":""},"product_feature":[],"product_cat":[375],"product_tag":[],"class_list":{"0":"post-24460","1":"product","2":"type-product","3":"status-publish","5":"product_cat-pelles-hydrauliques-sur-pneus","7":"first","8":"instock","9":"shipping-taxable","10":"product-type-simple"},"acf":[],"_links":{"self":[{"href":"https:\/\/bm-cat.com\/fr\/wp-json\/wp\/v2\/product\/24460","targetHints":{"allow":["GET"]}}],"collection":[{"href":"https:\/\/bm-cat.com\/fr\/wp-json\/wp\/v2\/product"}],"about":[{"href":"https:\/\/bm-cat.com\/fr\/wp-json\/wp\/v2\/types\/product"}],"replies":[{"embeddable":true,"href":"https:\/\/bm-cat.com\/fr\/wp-json\/wp\/v2\/comments?post=24460"}],"wp:attachment":[{"href":"https:\/\/bm-cat.com\/fr\/wp-json\/wp\/v2\/media?parent=24460"}],"wp:term":[{"taxonomy":"product_feature","embeddable":true,"href":"https:\/\/bm-cat.com\/fr\/wp-json\/wp\/v2\/product_feature?post=24460"},{"taxonomy":"product_cat","embeddable":true,"href":"https:\/\/bm-cat.com\/fr\/wp-json\/wp\/v2\/product_cat?post=24460"},{"taxonomy":"product_tag","embeddable":true,"href":"https:\/\/bm-cat.com\/fr\/wp-json\/wp\/v2\/product_tag?post=24460"}],"curies":[{"name":"wp","href":"https:\/\/api.w.org\/{rel}","templated":true}]}}