{"id":24461,"date":"2026-03-23T15:48:27","date_gmt":"2026-03-23T15:48:27","guid":{"rendered":"https:\/\/bm-cat.com\/fr\/product\/m316-2\/"},"modified":"2026-03-23T15:48:59","modified_gmt":"2026-03-23T15:48:59","slug":"m316-2","status":"publish","type":"product","link":"https:\/\/bm-cat.com\/fr\/product\/m316-2\/","title":{"rendered":"M316"},"content":{"rendered":"<p>La pelle hydraulique sur pneus M316 Cat\u00ae offre des performances de haut niveau gr\u00e2ce \u00e0 des technologies simples d&rsquo;utilisation qui permettent de r\u00e9aliser le travail rapidement. Gr\u00e2ce \u00e0 des co\u00fbts d&rsquo;entretien r\u00e9duits, des intervalles d&rsquo;entretien espac\u00e9s et une v\u00e9rification quotidienne \u00e0 100 % au niveau du sol, la M316 vous fait gagner du temps et de l&rsquo;argent. Avec le mod\u00e8le M316, vous pouvez travailler longtemps tout en faisant des \u00e9conomies appr\u00e9ciables.<\/p>\n","protected":false},"excerpt":{"rendered":"<p>La pelle hydraulique sur pneus M316 Cat\u00ae offre des performances de haut niveau gr\u00e2ce \u00e0 des technologies simples d&rsquo;utilisation qui permettent de r\u00e9aliser le travail rapidement. Gr\u00e2ce \u00e0 des co\u00fbts d&rsquo;entretien r\u00e9duits, des intervalles d&rsquo;entretien espac\u00e9s et une v\u00e9rification quotidienne \u00e0 100 % au niveau du sol, la M316 vous fait gagner du temps et de l&rsquo;argent. Avec le mod\u00e8le M316, vous pouvez travailler longtemps tout en faisant des \u00e9conomies appr\u00e9ciables.<\/p>\n","protected":false},"featured_media":0,"comment_status":"open","ping_status":"closed","template":"","meta":{"_acf_changed":false,"_sitemap_exclude":false,"_sitemap_priority":"","_sitemap_frequency":""},"product_feature":[],"product_cat":[375],"product_tag":[],"class_list":{"0":"post-24461","1":"product","2":"type-product","3":"status-publish","5":"product_cat-pelles-hydrauliques-sur-pneus","7":"first","8":"instock","9":"shipping-taxable","10":"product-type-simple"},"acf":[],"_links":{"self":[{"href":"https:\/\/bm-cat.com\/fr\/wp-json\/wp\/v2\/product\/24461","targetHints":{"allow":["GET"]}}],"collection":[{"href":"https:\/\/bm-cat.com\/fr\/wp-json\/wp\/v2\/product"}],"about":[{"href":"https:\/\/bm-cat.com\/fr\/wp-json\/wp\/v2\/types\/product"}],"replies":[{"embeddable":true,"href":"https:\/\/bm-cat.com\/fr\/wp-json\/wp\/v2\/comments?post=24461"}],"wp:attachment":[{"href":"https:\/\/bm-cat.com\/fr\/wp-json\/wp\/v2\/media?parent=24461"}],"wp:term":[{"taxonomy":"product_feature","embeddable":true,"href":"https:\/\/bm-cat.com\/fr\/wp-json\/wp\/v2\/product_feature?post=24461"},{"taxonomy":"product_cat","embeddable":true,"href":"https:\/\/bm-cat.com\/fr\/wp-json\/wp\/v2\/product_cat?post=24461"},{"taxonomy":"product_tag","embeddable":true,"href":"https:\/\/bm-cat.com\/fr\/wp-json\/wp\/v2\/product_tag?post=24461"}],"curies":[{"name":"wp","href":"https:\/\/api.w.org\/{rel}","templated":true}]}}