{"id":24467,"date":"2026-03-23T15:51:42","date_gmt":"2026-03-23T15:51:42","guid":{"rendered":"https:\/\/bm-cat.com\/fr\/product\/m323\/"},"modified":"2026-03-23T15:52:16","modified_gmt":"2026-03-23T15:52:16","slug":"m323","status":"publish","type":"product","link":"https:\/\/bm-cat.com\/fr\/product\/m323\/","title":{"rendered":"M323"},"content":{"rendered":"<p>La Pelle hydraulique ferroviaire M323 Cat\u00ae pr\u00e9sente une conception modulaire avec des options pour des configurations \u00e0 partie arri\u00e8re courte et \u00e0 partie arri\u00e8re longue. Le syst\u00e8me d&rsquo;entra\u00eenement flexible (pneu, rail ou combinaison innovante) peut \u00eatre s\u00e9lectionn\u00e9 d&rsquo;une simple pression sur un bouton pendant le fonctionnement, afin de garantir un fonctionnement optimal dans une grande vari\u00e9t\u00e9 d&rsquo;applications. La pelle hydraulique ferroviaire de nouvelle g\u00e9n\u00e9ration est sp\u00e9cialement con\u00e7ue pour les travaux ferroviaires et constitue la machine id\u00e9ale pour gagner en polyvalence et en efficacit\u00e9.<\/p>\n","protected":false},"excerpt":{"rendered":"<p>La Pelle hydraulique ferroviaire M323 Cat\u00ae pr\u00e9sente une conception modulaire avec des options pour des configurations \u00e0 partie arri\u00e8re courte et \u00e0 partie arri\u00e8re longue. Le syst\u00e8me d&rsquo;entra\u00eenement flexible (pneu, rail ou combinaison innovante) peut \u00eatre s\u00e9lectionn\u00e9 d&rsquo;une simple pression sur un bouton pendant le fonctionnement, afin de garantir un fonctionnement optimal dans une grande vari\u00e9t\u00e9 d&rsquo;applications. La pelle hydraulique ferroviaire de nouvelle g\u00e9n\u00e9ration est sp\u00e9cialement con\u00e7ue pour les travaux ferroviaires et constitue la machine id\u00e9ale pour gagner en polyvalence et en efficacit\u00e9.<\/p>\n","protected":false},"featured_media":0,"comment_status":"open","ping_status":"closed","template":"","meta":{"_acf_changed":false,"_sitemap_exclude":false,"_sitemap_priority":"","_sitemap_frequency":""},"product_feature":[],"product_cat":[375],"product_tag":[],"class_list":{"0":"post-24467","1":"product","2":"type-product","3":"status-publish","5":"product_cat-pelles-hydrauliques-sur-pneus","7":"first","8":"instock","9":"shipping-taxable","10":"product-type-simple"},"acf":[],"_links":{"self":[{"href":"https:\/\/bm-cat.com\/fr\/wp-json\/wp\/v2\/product\/24467","targetHints":{"allow":["GET"]}}],"collection":[{"href":"https:\/\/bm-cat.com\/fr\/wp-json\/wp\/v2\/product"}],"about":[{"href":"https:\/\/bm-cat.com\/fr\/wp-json\/wp\/v2\/types\/product"}],"replies":[{"embeddable":true,"href":"https:\/\/bm-cat.com\/fr\/wp-json\/wp\/v2\/comments?post=24467"}],"wp:attachment":[{"href":"https:\/\/bm-cat.com\/fr\/wp-json\/wp\/v2\/media?parent=24467"}],"wp:term":[{"taxonomy":"product_feature","embeddable":true,"href":"https:\/\/bm-cat.com\/fr\/wp-json\/wp\/v2\/product_feature?post=24467"},{"taxonomy":"product_cat","embeddable":true,"href":"https:\/\/bm-cat.com\/fr\/wp-json\/wp\/v2\/product_cat?post=24467"},{"taxonomy":"product_tag","embeddable":true,"href":"https:\/\/bm-cat.com\/fr\/wp-json\/wp\/v2\/product_tag?post=24467"}],"curies":[{"name":"wp","href":"https:\/\/api.w.org\/{rel}","templated":true}]}}