{"id":24470,"date":"2026-03-23T15:55:00","date_gmt":"2026-03-23T15:55:00","guid":{"rendered":"https:\/\/bm-cat.com\/fr\/product\/mh3260-2\/"},"modified":"2026-03-23T15:55:47","modified_gmt":"2026-03-23T15:55:47","slug":"mh3260-2","status":"publish","type":"product","link":"https:\/\/bm-cat.com\/fr\/product\/mh3260-2\/","title":{"rendered":"MH3260"},"content":{"rendered":"<p>La MH3260 Cat\u00ae offre des performances optimales pour vos applications de manutention. Dot\u00e9e d&rsquo;une cabine spacieuse et ergonomique, la MH3260 offre un environnement de travail confortable qui vous aide \u00e0 rester productif tout au long de la journ\u00e9e. Les longs intervalles d&rsquo;entretien et la faible consommation de carburant contribuent \u00e0 r\u00e9duire les co\u00fbts d&rsquo;exploitation. La MH3260 vous aide \u00e0 garantir la s\u00e9curit\u00e9 et la fiabilit\u00e9 dont vous avez besoin pour vos applications les plus exigeantes.<\/p>\n","protected":false},"excerpt":{"rendered":"<p>La MH3260 Cat\u00ae offre des performances optimales pour vos applications de manutention. Dot\u00e9e d&rsquo;une cabine spacieuse et ergonomique, la MH3260 offre un environnement de travail confortable qui vous aide \u00e0 rester productif tout au long de la journ\u00e9e. Les longs intervalles d&rsquo;entretien et la faible consommation de carburant contribuent \u00e0 r\u00e9duire les co\u00fbts d&rsquo;exploitation. La MH3260 vous aide \u00e0 garantir la s\u00e9curit\u00e9 et la fiabilit\u00e9 dont vous avez besoin pour vos applications les plus exigeantes.<\/p>\n","protected":false},"featured_media":0,"comment_status":"open","ping_status":"closed","template":"","meta":{"_acf_changed":false,"_sitemap_exclude":false,"_sitemap_priority":"","_sitemap_frequency":""},"product_feature":[],"product_cat":[378],"product_tag":[],"class_list":{"0":"post-24470","1":"product","2":"type-product","3":"status-publish","5":"product_cat-pelles-pour-manutention-a-chaines","7":"first","8":"instock","9":"shipping-taxable","10":"product-type-simple"},"acf":[],"_links":{"self":[{"href":"https:\/\/bm-cat.com\/fr\/wp-json\/wp\/v2\/product\/24470","targetHints":{"allow":["GET"]}}],"collection":[{"href":"https:\/\/bm-cat.com\/fr\/wp-json\/wp\/v2\/product"}],"about":[{"href":"https:\/\/bm-cat.com\/fr\/wp-json\/wp\/v2\/types\/product"}],"replies":[{"embeddable":true,"href":"https:\/\/bm-cat.com\/fr\/wp-json\/wp\/v2\/comments?post=24470"}],"wp:attachment":[{"href":"https:\/\/bm-cat.com\/fr\/wp-json\/wp\/v2\/media?parent=24470"}],"wp:term":[{"taxonomy":"product_feature","embeddable":true,"href":"https:\/\/bm-cat.com\/fr\/wp-json\/wp\/v2\/product_feature?post=24470"},{"taxonomy":"product_cat","embeddable":true,"href":"https:\/\/bm-cat.com\/fr\/wp-json\/wp\/v2\/product_cat?post=24470"},{"taxonomy":"product_tag","embeddable":true,"href":"https:\/\/bm-cat.com\/fr\/wp-json\/wp\/v2\/product_tag?post=24470"}],"curies":[{"name":"wp","href":"https:\/\/api.w.org\/{rel}","templated":true}]}}