{"id":24489,"date":"2026-03-23T16:21:51","date_gmt":"2026-03-23T16:21:51","guid":{"rendered":"https:\/\/bm-cat.com\/fr\/product\/cat-payload-pour-les-pelles-pour-manutention\/"},"modified":"2026-03-23T16:21:53","modified_gmt":"2026-03-23T16:21:53","slug":"cat-payload-pour-les-pelles-pour-manutention","status":"publish","type":"product","link":"https:\/\/bm-cat.com\/fr\/product\/cat-payload-pour-les-pelles-pour-manutention\/","title":{"rendered":"Cat Payload pour les pelles pour manutention"},"content":{"rendered":"<p>Les pelles pour manutention de nouvelle g\u00e9n\u00e9ration effectuent tous types de t\u00e2ches : chargement, mise en tas, manutention, et bien plus. Les technologies Cat\u00ae Payload permettent un pesage en cours de route pour aider les conducteurs \u00e0 atteindre un poids pr\u00e9cis, \u00e0 tout moment, et \u00e0 \u00e9viter les surcharges, les sous-charges ou les charges erron\u00e9es.<\/p>\n","protected":false},"excerpt":{"rendered":"<p>Les pelles pour manutention de nouvelle g\u00e9n\u00e9ration effectuent tous types de t\u00e2ches : chargement, mise en tas, manutention, et bien plus. Les technologies Cat\u00ae Payload permettent un pesage en cours de route pour aider les conducteurs \u00e0 atteindre un poids pr\u00e9cis, \u00e0 tout moment, et \u00e0 \u00e9viter les surcharges, les sous-charges ou les charges erron\u00e9es.<\/p>\n","protected":false},"featured_media":0,"comment_status":"open","ping_status":"closed","template":"","meta":{"_acf_changed":false,"_sitemap_exclude":false,"_sitemap_priority":"","_sitemap_frequency":""},"product_feature":[],"product_cat":[532],"product_tag":[],"class_list":{"0":"post-24489","1":"product","2":"type-product","3":"status-publish","5":"product_cat-charge-utile-charge-utile","7":"first","8":"instock","9":"shipping-taxable","10":"product-type-simple"},"acf":[],"_links":{"self":[{"href":"https:\/\/bm-cat.com\/fr\/wp-json\/wp\/v2\/product\/24489","targetHints":{"allow":["GET"]}}],"collection":[{"href":"https:\/\/bm-cat.com\/fr\/wp-json\/wp\/v2\/product"}],"about":[{"href":"https:\/\/bm-cat.com\/fr\/wp-json\/wp\/v2\/types\/product"}],"replies":[{"embeddable":true,"href":"https:\/\/bm-cat.com\/fr\/wp-json\/wp\/v2\/comments?post=24489"}],"wp:attachment":[{"href":"https:\/\/bm-cat.com\/fr\/wp-json\/wp\/v2\/media?parent=24489"}],"wp:term":[{"taxonomy":"product_feature","embeddable":true,"href":"https:\/\/bm-cat.com\/fr\/wp-json\/wp\/v2\/product_feature?post=24489"},{"taxonomy":"product_cat","embeddable":true,"href":"https:\/\/bm-cat.com\/fr\/wp-json\/wp\/v2\/product_cat?post=24489"},{"taxonomy":"product_tag","embeddable":true,"href":"https:\/\/bm-cat.com\/fr\/wp-json\/wp\/v2\/product_tag?post=24489"}],"curies":[{"name":"wp","href":"https:\/\/api.w.org\/{rel}","templated":true}]}}