{"id":7588,"date":"2023-05-31T15:47:13","date_gmt":"2023-05-31T15:47:13","guid":{"rendered":"https:\/\/ppr.bm-cat.com\/fr\/product\/ap355f\/"},"modified":"2023-07-05T15:56:28","modified_gmt":"2023-07-05T15:56:28","slug":"ap355f","status":"publish","type":"product","link":"https:\/\/bm-cat.com\/fr\/product\/ap355f\/","title":{"rendered":"AP355F"},"content":{"rendered":"<p>Le finisseur AP355F combine une conception de qualit\u00e9 avec une technologie exemplaire en mati\u00e8re de confort et de productivit\u00e9. Ses nombreuses innovations technologiques aident les professionnels \u00e0 s&rsquo;orienter dans les m\u00e9andres des environnements urbains et des routes de montagne.<\/p>\n","protected":false},"excerpt":{"rendered":"<p>Le finisseur AP355F combine une conception de qualit\u00e9 avec une technologie exemplaire en mati\u00e8re de confort et de productivit\u00e9. Ses nombreuses innovations technologiques aident les professionnels \u00e0 s&rsquo;orienter dans les m\u00e9andres des environnements urbains et des routes de montagne.<\/p>\n","protected":false},"featured_media":0,"comment_status":"open","ping_status":"closed","template":"","meta":{"_acf_changed":false,"_sitemap_exclude":false,"_sitemap_priority":"","_sitemap_frequency":""},"product_feature":[],"product_cat":[352],"product_tag":[],"class_list":{"0":"post-7588","1":"product","2":"type-product","3":"status-publish","5":"product_cat-finisseurs-a-chaines","7":"first","8":"instock","9":"shipping-taxable","10":"product-type-simple"},"acf":[],"_links":{"self":[{"href":"https:\/\/bm-cat.com\/fr\/wp-json\/wp\/v2\/product\/7588","targetHints":{"allow":["GET"]}}],"collection":[{"href":"https:\/\/bm-cat.com\/fr\/wp-json\/wp\/v2\/product"}],"about":[{"href":"https:\/\/bm-cat.com\/fr\/wp-json\/wp\/v2\/types\/product"}],"replies":[{"embeddable":true,"href":"https:\/\/bm-cat.com\/fr\/wp-json\/wp\/v2\/comments?post=7588"}],"wp:attachment":[{"href":"https:\/\/bm-cat.com\/fr\/wp-json\/wp\/v2\/media?parent=7588"}],"wp:term":[{"taxonomy":"product_feature","embeddable":true,"href":"https:\/\/bm-cat.com\/fr\/wp-json\/wp\/v2\/product_feature?post=7588"},{"taxonomy":"product_cat","embeddable":true,"href":"https:\/\/bm-cat.com\/fr\/wp-json\/wp\/v2\/product_cat?post=7588"},{"taxonomy":"product_tag","embeddable":true,"href":"https:\/\/bm-cat.com\/fr\/wp-json\/wp\/v2\/product_tag?post=7588"}],"curies":[{"name":"wp","href":"https:\/\/api.w.org\/{rel}","templated":true}]}}