{"id":7597,"date":"2023-05-31T15:56:10","date_gmt":"2023-05-31T15:56:10","guid":{"rendered":"https:\/\/ppr.bm-cat.com\/fr\/product\/434\/"},"modified":"2025-03-19T13:05:25","modified_gmt":"2025-03-19T13:05:25","slug":"434","status":"publish","type":"product","link":"https:\/\/bm-cat.com\/fr\/product\/434\/","title":{"rendered":"434"},"content":{"rendered":"<p>Nouvelles machines, ADN d&rsquo;origine \u2013 La premi\u00e8re chargeuse-pelleteuse Cat\u00ae a pris la route en 1985. Cette machine a \u00e9t\u00e9 d\u00e9velopp\u00e9e conjointement par une \u00e9quipe de concepteurs de l&rsquo;Illinois, aux \u00c9tats-Unis et une \u00e9quipe de fabrication \u00e0 Desford, au Royaume-Uni. Les machines sont toujours con\u00e7ues par des experts pour r\u00e9pondre aux besoins des conducteurs d&rsquo;aujourd&rsquo;hui. Chaque mod\u00e8le offre la fiabilit\u00e9, la puissance et un poste de conduite haut de gamme pour vos projets les plus difficiles. La toute derni\u00e8re gamme de chargeuses-pelleteuses est l&rsquo;aboutissement de 35 ans de passion, de savoir-faire et d&rsquo;exp\u00e9rience.<\/p>\n","protected":false},"excerpt":{"rendered":"<p>Nouvelles machines, ADN d&rsquo;origine \u2013 La premi\u00e8re chargeuse-pelleteuse Cat\u00ae a pris la route en 1985. Cette machine a \u00e9t\u00e9 d\u00e9velopp\u00e9e conjointement par une \u00e9quipe de concepteurs de l&rsquo;Illinois, aux \u00c9tats-Unis et une \u00e9quipe de fabrication \u00e0 Desford, au Royaume-Uni. Les machines sont toujours con\u00e7ues par des experts pour r\u00e9pondre aux besoins des conducteurs d&rsquo;aujourd&rsquo;hui. Chaque mod\u00e8le offre la fiabilit\u00e9, la puissance et un poste de conduite haut de gamme pour vos projets les plus difficiles. La toute derni\u00e8re gamme de chargeuses-pelleteuses est l&rsquo;aboutissement de 35 ans de passion, de savoir-faire et d&rsquo;exp\u00e9rience.<\/p>\n","protected":false},"featured_media":0,"comment_status":"open","ping_status":"closed","template":"","meta":{"_acf_changed":false,"_sitemap_exclude":false,"_sitemap_priority":"","_sitemap_frequency":""},"product_feature":[],"product_cat":[356],"product_tag":[],"class_list":{"0":"post-7597","1":"product","2":"type-product","3":"status-publish","5":"product_cat-deport-lateral","7":"first","8":"instock","9":"shipping-taxable","10":"product-type-simple"},"acf":[],"_links":{"self":[{"href":"https:\/\/bm-cat.com\/fr\/wp-json\/wp\/v2\/product\/7597","targetHints":{"allow":["GET"]}}],"collection":[{"href":"https:\/\/bm-cat.com\/fr\/wp-json\/wp\/v2\/product"}],"about":[{"href":"https:\/\/bm-cat.com\/fr\/wp-json\/wp\/v2\/types\/product"}],"replies":[{"embeddable":true,"href":"https:\/\/bm-cat.com\/fr\/wp-json\/wp\/v2\/comments?post=7597"}],"wp:attachment":[{"href":"https:\/\/bm-cat.com\/fr\/wp-json\/wp\/v2\/media?parent=7597"}],"wp:term":[{"taxonomy":"product_feature","embeddable":true,"href":"https:\/\/bm-cat.com\/fr\/wp-json\/wp\/v2\/product_feature?post=7597"},{"taxonomy":"product_cat","embeddable":true,"href":"https:\/\/bm-cat.com\/fr\/wp-json\/wp\/v2\/product_cat?post=7597"},{"taxonomy":"product_tag","embeddable":true,"href":"https:\/\/bm-cat.com\/fr\/wp-json\/wp\/v2\/product_tag?post=7597"}],"curies":[{"name":"wp","href":"https:\/\/api.w.org\/{rel}","templated":true}]}}