{"id":7669,"date":"2023-05-31T17:08:47","date_gmt":"2023-05-31T17:08:47","guid":{"rendered":"https:\/\/ppr.bm-cat.com\/fr\/product\/d6\/"},"modified":"2025-03-19T13:08:35","modified_gmt":"2025-03-19T13:08:35","slug":"d6","status":"publish","type":"product","link":"https:\/\/bm-cat.com\/fr\/product\/d6\/","title":{"rendered":"D6"},"content":{"rendered":"<p>Le tracteur D6 Cat\u00ae vous aide \u00e0 d\u00e9placer les mat\u00e9riaux \u00e0 moindre co\u00fbt gr\u00e2ce \u00e0 sa transmission enti\u00e8rement automatique, son rendement \u00e9nerg\u00e9tique exceptionnel et ses co\u00fbts d&rsquo;entretien r\u00e9duits. Le plus vaste \u00e9ventail de fonctionnalit\u00e9s technologiques du secteur vous permet de profiter pleinement du potentiel de votre \u00e9quipement. Le D6, c&rsquo;est la polyvalence l\u00e9gendaire \u00e0 laquelle vous avez accord\u00e9 votre confiance avec des performances et une efficacit\u00e9 am\u00e9lior\u00e9es pour faire franchir un cap \u00e0 votre entreprise.<\/p>\n","protected":false},"excerpt":{"rendered":"<p>D\u00e9placez les mat\u00e9riaux \u00e0 moindre co\u00fbt gr\u00e2ce \u00e0 sa transmission enti\u00e8rement automatique, son rendement \u00e9nerg\u00e9tique exceptionnel et ses co\u00fbts d&rsquo;entretien r\u00e9duits. Le plus vaste \u00e9ventail de fonctionnalit\u00e9s technologiques du secteur vous permet de profiter pleinement du potentiel de votre \u00e9quipement.<\/p>\n","protected":false},"featured_media":0,"comment_status":"open","ping_status":"closed","template":"","meta":{"_acf_changed":false,"_sitemap_exclude":false,"_sitemap_priority":"","_sitemap_frequency":""},"product_feature":[],"product_cat":[365],"product_tag":[],"class_list":{"0":"post-7669","1":"product","2":"type-product","3":"status-publish","5":"product_cat-tracteurs-intermediaires","7":"first","8":"instock","9":"shipping-taxable","10":"product-type-simple"},"acf":[],"_links":{"self":[{"href":"https:\/\/bm-cat.com\/fr\/wp-json\/wp\/v2\/product\/7669","targetHints":{"allow":["GET"]}}],"collection":[{"href":"https:\/\/bm-cat.com\/fr\/wp-json\/wp\/v2\/product"}],"about":[{"href":"https:\/\/bm-cat.com\/fr\/wp-json\/wp\/v2\/types\/product"}],"replies":[{"embeddable":true,"href":"https:\/\/bm-cat.com\/fr\/wp-json\/wp\/v2\/comments?post=7669"}],"wp:attachment":[{"href":"https:\/\/bm-cat.com\/fr\/wp-json\/wp\/v2\/media?parent=7669"}],"wp:term":[{"taxonomy":"product_feature","embeddable":true,"href":"https:\/\/bm-cat.com\/fr\/wp-json\/wp\/v2\/product_feature?post=7669"},{"taxonomy":"product_cat","embeddable":true,"href":"https:\/\/bm-cat.com\/fr\/wp-json\/wp\/v2\/product_cat?post=7669"},{"taxonomy":"product_tag","embeddable":true,"href":"https:\/\/bm-cat.com\/fr\/wp-json\/wp\/v2\/product_tag?post=7669"}],"curies":[{"name":"wp","href":"https:\/\/api.w.org\/{rel}","templated":true}]}}