{"id":7835,"date":"2023-06-01T08:05:06","date_gmt":"2023-06-01T08:05:06","guid":{"rendered":"https:\/\/ppr.bm-cat.com\/fr\/product\/323-tier-4f-ue-stage-v\/"},"modified":"2024-03-05T16:29:52","modified_gmt":"2024-03-05T16:29:52","slug":"323-tier-4f-ue-stage-v","status":"publish","type":"product","link":"https:\/\/bm-cat.com\/fr\/product\/323-tier-4f-ue-stage-v\/","title":{"rendered":"323 &#8211; Tier 4F \/ UE Stage V"},"content":{"rendered":"<p>La pelle 323 Cat\u00ae offre puissance, vitesse et performances de production \u00e9lev\u00e9es. Avec plus de technologies de s\u00e9rie que les mod\u00e8les pr\u00e9c\u00e9dents, ainsi que des co\u00fbts de carburant et d&rsquo;entretien r\u00e9duits, la pelle 323 Cat a tout ce dont vous avez besoin pour faire passer votre activit\u00e9 au niveau sup\u00e9rieur.<\/p>\n","protected":false},"excerpt":{"rendered":"<p>La pelle 323 Cat\u00ae offre puissance, vitesse et performances de production \u00e9lev\u00e9es. Avec plus de technologies de s\u00e9rie que les mod\u00e8les pr\u00e9c\u00e9dents, ainsi que des co\u00fbts de carburant et d&rsquo;entretien r\u00e9duits, la pelle 323 Cat a tout ce dont vous avez besoin pour faire passer votre activit\u00e9 au niveau sup\u00e9rieur.<\/p>\n","protected":false},"featured_media":0,"comment_status":"open","ping_status":"closed","template":"","meta":{"_acf_changed":false,"_sitemap_exclude":false,"_sitemap_priority":"","_sitemap_frequency":""},"product_feature":[],"product_cat":[371],"product_tag":[],"class_list":{"0":"post-7835","1":"product","2":"type-product","3":"status-publish","5":"product_cat-pelles-hydrauliques-intermediaires","7":"first","8":"instock","9":"shipping-taxable","10":"product-type-simple"},"acf":[],"_links":{"self":[{"href":"https:\/\/bm-cat.com\/fr\/wp-json\/wp\/v2\/product\/7835","targetHints":{"allow":["GET"]}}],"collection":[{"href":"https:\/\/bm-cat.com\/fr\/wp-json\/wp\/v2\/product"}],"about":[{"href":"https:\/\/bm-cat.com\/fr\/wp-json\/wp\/v2\/types\/product"}],"replies":[{"embeddable":true,"href":"https:\/\/bm-cat.com\/fr\/wp-json\/wp\/v2\/comments?post=7835"}],"wp:attachment":[{"href":"https:\/\/bm-cat.com\/fr\/wp-json\/wp\/v2\/media?parent=7835"}],"wp:term":[{"taxonomy":"product_feature","embeddable":true,"href":"https:\/\/bm-cat.com\/fr\/wp-json\/wp\/v2\/product_feature?post=7835"},{"taxonomy":"product_cat","embeddable":true,"href":"https:\/\/bm-cat.com\/fr\/wp-json\/wp\/v2\/product_cat?post=7835"},{"taxonomy":"product_tag","embeddable":true,"href":"https:\/\/bm-cat.com\/fr\/wp-json\/wp\/v2\/product_tag?post=7835"}],"curies":[{"name":"wp","href":"https:\/\/api.w.org\/{rel}","templated":true}]}}