{"id":7837,"date":"2023-06-01T08:10:01","date_gmt":"2023-06-01T08:10:01","guid":{"rendered":"https:\/\/ppr.bm-cat.com\/fr\/product\/326-tier-4f-eu-stage-v\/"},"modified":"2024-03-05T16:29:54","modified_gmt":"2024-03-05T16:29:54","slug":"326-tier-4f-eu-stage-v","status":"publish","type":"product","link":"https:\/\/bm-cat.com\/fr\/product\/326-tier-4f-eu-stage-v\/","title":{"rendered":"326 &#8211; Tier 4F\/ EU Stage V"},"content":{"rendered":"<p>La Pelle hydraulique 326 Cat\u00ae offre des performances haut de gamme combin\u00e9es avec une technologie facile \u00e0 utiliser telle que Cat GRADE avec le module 2D, l&rsquo;assistance de nivellement et la charge utile, un \u00e9quipement de s\u00e9rie install\u00e9 en usine pour optimiser la productivit\u00e9 de votre conducteur jusqu&rsquo;\u00e0 45 %. Ajoutez \u00e0 ces fonctionnalit\u00e9s une nouvelle cabine, des intervalles d&rsquo;entretien plus longs qui r\u00e9duisent vos co\u00fbts d&rsquo;entretien de jusqu&rsquo;\u00e0 20 % et un syst\u00e8me d&rsquo;alimentation qui r\u00e9duit la consommation de carburant de jusqu&rsquo;\u00e0 10 %, et vous obtenez une pelle hydraulique avec un faible co\u00fbt par unit\u00e9 de production id\u00e9ale pour des applications \u00e0 usage moyen \u00e0 intensif.<br \/>Les caract\u00e9ristiques disponibles varient selon les r\u00e9gions. Contactez votre concessionnaire Cat pour conna\u00eetre les configurations sp\u00e9cifiques disponibles dans votre r\u00e9gion.<\/p>\n","protected":false},"excerpt":{"rendered":"<p>La pelle hydraulique 326 Cat\u00ae offre des performances exceptionnelles gr\u00e2ce \u00e0 des technologies simples d&#8217;emploi permettant d&rsquo;am\u00e9liorer la productivit\u00e9 du conducteur. Ajoutez \u00e0 ces fonctionnalit\u00e9s une nouvelle cabine, des intervalles d&rsquo;entretien plus longs et un syst\u00e8me d&rsquo;alimentation qui r\u00e9duit la consommation de carburant, et vous obtenez une pelle hydraulique avec un faible co\u00fbt par unit\u00e9 de production id\u00e9ale pour des applications \u00e0 usage moyen \u00e0 intensif.<\/p>\n","protected":false},"featured_media":0,"comment_status":"open","ping_status":"closed","template":"","meta":{"_acf_changed":false,"_sitemap_exclude":false,"_sitemap_priority":"","_sitemap_frequency":""},"product_feature":[],"product_cat":[371],"product_tag":[],"class_list":{"0":"post-7837","1":"product","2":"type-product","3":"status-publish","5":"product_cat-pelles-hydrauliques-intermediaires","7":"first","8":"instock","9":"shipping-taxable","10":"product-type-simple"},"acf":[],"_links":{"self":[{"href":"https:\/\/bm-cat.com\/fr\/wp-json\/wp\/v2\/product\/7837","targetHints":{"allow":["GET"]}}],"collection":[{"href":"https:\/\/bm-cat.com\/fr\/wp-json\/wp\/v2\/product"}],"about":[{"href":"https:\/\/bm-cat.com\/fr\/wp-json\/wp\/v2\/types\/product"}],"replies":[{"embeddable":true,"href":"https:\/\/bm-cat.com\/fr\/wp-json\/wp\/v2\/comments?post=7837"}],"wp:attachment":[{"href":"https:\/\/bm-cat.com\/fr\/wp-json\/wp\/v2\/media?parent=7837"}],"wp:term":[{"taxonomy":"product_feature","embeddable":true,"href":"https:\/\/bm-cat.com\/fr\/wp-json\/wp\/v2\/product_feature?post=7837"},{"taxonomy":"product_cat","embeddable":true,"href":"https:\/\/bm-cat.com\/fr\/wp-json\/wp\/v2\/product_cat?post=7837"},{"taxonomy":"product_tag","embeddable":true,"href":"https:\/\/bm-cat.com\/fr\/wp-json\/wp\/v2\/product_tag?post=7837"}],"curies":[{"name":"wp","href":"https:\/\/api.w.org\/{rel}","templated":true}]}}