{"id":7840,"date":"2023-06-01T08:17:10","date_gmt":"2023-06-01T08:17:10","guid":{"rendered":"https:\/\/ppr.bm-cat.com\/fr\/product\/335\/"},"modified":"2024-03-05T16:29:58","modified_gmt":"2024-03-05T16:29:58","slug":"335","status":"publish","type":"product","link":"https:\/\/bm-cat.com\/fr\/product\/335\/","title":{"rendered":"335"},"content":{"rendered":"<p>La pelle hydraulique 335 Cat\u00ae offre des performances exceptionnelles gr\u00e2ce \u00e0 des technologies simples d&#8217;emploi permettant d&rsquo;am\u00e9liorer la productivit\u00e9 du conducteur jusqu&rsquo;\u00e0 45 % Ajoutez \u00e0 ces fonctionnalit\u00e9s une conception de rayon compact, une nouvelle cabine, des intervalles d&rsquo;entretien plus longs et une production d&rsquo;\u00e9nergie plus efficace et vous obtenez une pelle hydraulique avec un faible co\u00fbt par unit\u00e9 de production.<\/p>\n","protected":false},"excerpt":{"rendered":"<p>La pelle hydraulique 335 Cat\u00ae offre des performances exceptionnelles gr\u00e2ce \u00e0 des technologies simples d&#8217;emploi permettant d&rsquo;am\u00e9liorer la productivit\u00e9 du conducteur jusqu&rsquo;\u00e0 45 % Ajoutez \u00e0 ces fonctionnalit\u00e9s une conception de rayon compact, une nouvelle cabine, des intervalles d&rsquo;entretien plus longs et une production d&rsquo;\u00e9nergie plus efficace et vous obtenez une pelle hydraulique avec un faible co\u00fbt par unit\u00e9 de production.<\/p>\n","protected":false},"featured_media":0,"comment_status":"open","ping_status":"closed","template":"","meta":{"_acf_changed":false,"_sitemap_exclude":false,"_sitemap_priority":"","_sitemap_frequency":""},"product_feature":[],"product_cat":[371],"product_tag":[],"class_list":{"0":"post-7840","1":"product","2":"type-product","3":"status-publish","5":"product_cat-pelles-hydrauliques-intermediaires","7":"first","8":"instock","9":"shipping-taxable","10":"product-type-simple"},"acf":[],"_links":{"self":[{"href":"https:\/\/bm-cat.com\/fr\/wp-json\/wp\/v2\/product\/7840","targetHints":{"allow":["GET"]}}],"collection":[{"href":"https:\/\/bm-cat.com\/fr\/wp-json\/wp\/v2\/product"}],"about":[{"href":"https:\/\/bm-cat.com\/fr\/wp-json\/wp\/v2\/types\/product"}],"replies":[{"embeddable":true,"href":"https:\/\/bm-cat.com\/fr\/wp-json\/wp\/v2\/comments?post=7840"}],"wp:attachment":[{"href":"https:\/\/bm-cat.com\/fr\/wp-json\/wp\/v2\/media?parent=7840"}],"wp:term":[{"taxonomy":"product_feature","embeddable":true,"href":"https:\/\/bm-cat.com\/fr\/wp-json\/wp\/v2\/product_feature?post=7840"},{"taxonomy":"product_cat","embeddable":true,"href":"https:\/\/bm-cat.com\/fr\/wp-json\/wp\/v2\/product_cat?post=7840"},{"taxonomy":"product_tag","embeddable":true,"href":"https:\/\/bm-cat.com\/fr\/wp-json\/wp\/v2\/product_tag?post=7840"}],"curies":[{"name":"wp","href":"https:\/\/api.w.org\/{rel}","templated":true}]}}