{"id":7843,"date":"2023-06-01T08:27:04","date_gmt":"2023-06-01T08:27:04","guid":{"rendered":"https:\/\/ppr.bm-cat.com\/fr\/product\/352\/"},"modified":"2024-03-05T16:30:01","modified_gmt":"2024-03-05T16:30:01","slug":"352","status":"publish","type":"product","link":"https:\/\/bm-cat.com\/fr\/product\/352\/","title":{"rendered":"352"},"content":{"rendered":"<p>La pelle hydraulique352 Cat\u00ae offre d&rsquo;excellentes performances gr\u00e2ce \u00e0 un large \u00e9ventail d&rsquo;\u00e9quipements Cat et de technologies faciles \u00e0 utiliser telles que Cat GRADE avec module2D, Grade Assist et Payload. Ces fonctionnalit\u00e9s sont toutes \u00e9quip\u00e9es de s\u00e9rie en sortie d&rsquo;usine pour augmenter la productivit\u00e9 du conducteur jusqu&rsquo;\u00e0 45 %. Combinez ces fonctions de s\u00e9curit\u00e9 \u00e9quip\u00e9es de s\u00e9rie telles que la barri\u00e8re \u00e9lectronique et la toute nouvelle cabine ROPS avec des intervalles d&rsquo;entretien plus espac\u00e9s garantissant une baisse de 15  % des co\u00fbts d&rsquo;entretien et un syst\u00e8me d&rsquo;alimentation am\u00e9liorant le rendement \u00e9nerg\u00e9tique de 10 % et vous obtenez une pelle hydraulique garantissant un faible co\u00fbt par unit\u00e9 de production, parfaitement adapt\u00e9e \u00e0 vos applications.<\/p>\n<p>Les fonctionnalit\u00e9s disponibles varient selon les r\u00e9gions. Contactez votre concessionnaire Cat pour conna\u00eetre les configurations sp\u00e9cifiques disponibles dans votre r\u00e9gion.<\/p>\n","protected":false},"excerpt":{"rendered":"<p>La pelle hydraulique352offre des performances exceptionnelles gr\u00e2ce \u00e0 des technologies faciles \u00e0 utiliser permettant au conducteur de travailler plus efficacement et vous permettant d&rsquo;am\u00e9liorer votre productivit\u00e9 tout en r\u00e9duisant vos co\u00fbts d&rsquo;exploitation.<\/p>\n","protected":false},"featured_media":0,"comment_status":"open","ping_status":"closed","template":"","meta":{"_acf_changed":false,"_sitemap_exclude":false,"_sitemap_priority":"","_sitemap_frequency":""},"product_feature":[],"product_cat":[372],"product_tag":[],"class_list":{"0":"post-7843","1":"product","2":"type-product","3":"status-publish","5":"product_cat-grosses-pelles-hydrauliques","7":"first","8":"instock","9":"shipping-taxable","10":"product-type-simple"},"acf":[],"_links":{"self":[{"href":"https:\/\/bm-cat.com\/fr\/wp-json\/wp\/v2\/product\/7843","targetHints":{"allow":["GET"]}}],"collection":[{"href":"https:\/\/bm-cat.com\/fr\/wp-json\/wp\/v2\/product"}],"about":[{"href":"https:\/\/bm-cat.com\/fr\/wp-json\/wp\/v2\/types\/product"}],"replies":[{"embeddable":true,"href":"https:\/\/bm-cat.com\/fr\/wp-json\/wp\/v2\/comments?post=7843"}],"wp:attachment":[{"href":"https:\/\/bm-cat.com\/fr\/wp-json\/wp\/v2\/media?parent=7843"}],"wp:term":[{"taxonomy":"product_feature","embeddable":true,"href":"https:\/\/bm-cat.com\/fr\/wp-json\/wp\/v2\/product_feature?post=7843"},{"taxonomy":"product_cat","embeddable":true,"href":"https:\/\/bm-cat.com\/fr\/wp-json\/wp\/v2\/product_cat?post=7843"},{"taxonomy":"product_tag","embeddable":true,"href":"https:\/\/bm-cat.com\/fr\/wp-json\/wp\/v2\/product_tag?post=7843"}],"curies":[{"name":"wp","href":"https:\/\/api.w.org\/{rel}","templated":true}]}}