{"id":7868,"date":"2023-06-01T09:47:44","date_gmt":"2023-06-01T09:47:44","guid":{"rendered":"https:\/\/ppr.bm-cat.com\/fr\/product\/mh3026\/"},"modified":"2025-03-19T13:22:19","modified_gmt":"2025-03-19T13:22:19","slug":"mh3026","status":"publish","type":"product","link":"https:\/\/bm-cat.com\/fr\/product\/mh3026\/","title":{"rendered":"MH3026"},"content":{"rendered":"<p>Nous sommes conscients qu&rsquo;en mati\u00e8re d&rsquo;\u00e9quipements de manutention, votre succ\u00e8s est li\u00e9 \u00e0 votre productivit\u00e9 et \u00e0 des co\u00fbts d&rsquo;exploitation r\u00e9duits. La MH3026 Cat\u00ae int\u00e8gre des technologies simples \u00e0 utiliser, une cabine repens\u00e9e pour plus de confort et des options de machine suppl\u00e9mentaires pour s&rsquo;adapter \u00e0 vos activit\u00e9s. Ajoutez \u00e0 ces fonctionnalit\u00e9s des co\u00fbts d&rsquo;exploitation r\u00e9duits de 10 %, et vous b\u00e9n\u00e9ficiez de la s\u00e9curit\u00e9, de la qualit\u00e9 et de la fiabilit\u00e9 d&rsquo;un produit qui vous offrira les performances sup\u00e9rieures dont vous avez besoin pour vos applications de manutention en int\u00e9rieur les plus complexes.<\/p>\n","protected":false},"excerpt":{"rendered":"<p>Nous sommes conscients qu&rsquo;en mati\u00e8re d&rsquo;\u00e9quipements de manutention, votre succ\u00e8s est li\u00e9 \u00e0 votre productivit\u00e9 et \u00e0 des co\u00fbts d&rsquo;exploitation r\u00e9duits. La MH3026 Cat\u00ae int\u00e8gre des technologies simples \u00e0 utiliser, une cabine repens\u00e9e pour plus de confort et des options de machine suppl\u00e9mentaires pour s&rsquo;adapter \u00e0 vos activit\u00e9s. Ajoutez \u00e0 ces fonctionnalit\u00e9s des co\u00fbts d&rsquo;exploitation r\u00e9duits de 10 %, et vous b\u00e9n\u00e9ficiez de la s\u00e9curit\u00e9, de la qualit\u00e9 et de la fiabilit\u00e9 d&rsquo;un produit qui vous offrira les performances sup\u00e9rieures dont vous avez besoin pour vos applications de manutention en int\u00e9rieur les plus complexes.<\/p>\n","protected":false},"featured_media":0,"comment_status":"open","ping_status":"closed","template":"","meta":{"_acf_changed":false,"_sitemap_exclude":false,"_sitemap_priority":"","_sitemap_frequency":""},"product_feature":[],"product_cat":[379],"product_tag":[],"class_list":{"0":"post-7868","1":"product","2":"type-product","3":"status-publish","5":"product_cat-pelles-pour-manutention-sur-pneus","7":"first","8":"instock","9":"shipping-taxable","10":"product-type-simple"},"acf":[],"_links":{"self":[{"href":"https:\/\/bm-cat.com\/fr\/wp-json\/wp\/v2\/product\/7868","targetHints":{"allow":["GET"]}}],"collection":[{"href":"https:\/\/bm-cat.com\/fr\/wp-json\/wp\/v2\/product"}],"about":[{"href":"https:\/\/bm-cat.com\/fr\/wp-json\/wp\/v2\/types\/product"}],"replies":[{"embeddable":true,"href":"https:\/\/bm-cat.com\/fr\/wp-json\/wp\/v2\/comments?post=7868"}],"wp:attachment":[{"href":"https:\/\/bm-cat.com\/fr\/wp-json\/wp\/v2\/media?parent=7868"}],"wp:term":[{"taxonomy":"product_feature","embeddable":true,"href":"https:\/\/bm-cat.com\/fr\/wp-json\/wp\/v2\/product_feature?post=7868"},{"taxonomy":"product_cat","embeddable":true,"href":"https:\/\/bm-cat.com\/fr\/wp-json\/wp\/v2\/product_cat?post=7868"},{"taxonomy":"product_tag","embeddable":true,"href":"https:\/\/bm-cat.com\/fr\/wp-json\/wp\/v2\/product_tag?post=7868"}],"curies":[{"name":"wp","href":"https:\/\/api.w.org\/{rel}","templated":true}]}}