{"id":7869,"date":"2023-06-01T09:49:58","date_gmt":"2023-06-01T09:49:58","guid":{"rendered":"https:\/\/ppr.bm-cat.com\/fr\/product\/mh3040\/"},"modified":"2025-03-19T13:23:30","modified_gmt":"2025-03-19T13:23:30","slug":"mh3040","status":"publish","type":"product","link":"https:\/\/bm-cat.com\/fr\/product\/mh3040\/","title":{"rendered":"MH3040"},"content":{"rendered":"<p>La pelle pour manutention MH3040 Cat\u00ae consolide le succ\u00e8s de la M325D L MH en offrant la puissance et la fiabilit\u00e9 dont vous avez besoin pour les applications de manutention les plus rudes. La nouvelle g\u00e9n\u00e9ration de pelles pour manutention Cat est dot\u00e9e d&rsquo;une nouvelle cabine, et elle permet une r\u00e9duction des d\u00e9penses en carburant pouvant atteindre 25 % et des co\u00fbts d&rsquo;entretien pouvant atteindre 20 %, associ\u00e9es \u00e0 des composants \u00e9prouv\u00e9s.<\/p>\n","protected":false},"excerpt":{"rendered":"<p>La pelle pour manutention MH3040 Cat\u00ae consolide le succ\u00e8s de la M325D L MH en offrant la puissance et la fiabilit\u00e9 dont vous avez besoin pour les applications de manutention les plus rudes. La nouvelle g\u00e9n\u00e9ration de pelles pour manutention Cat est dot\u00e9e d&rsquo;une nouvelle cabine, et elle permet une r\u00e9duction des d\u00e9penses en carburant pouvant atteindre 25 % et des co\u00fbts d&rsquo;entretien pouvant atteindre 20 %, associ\u00e9es \u00e0 des composants \u00e9prouv\u00e9s.<\/p>\n","protected":false},"featured_media":0,"comment_status":"open","ping_status":"closed","template":"","meta":{"_acf_changed":false,"_sitemap_exclude":false,"_sitemap_priority":"","_sitemap_frequency":""},"product_feature":[],"product_cat":[379],"product_tag":[],"class_list":{"0":"post-7869","1":"product","2":"type-product","3":"status-publish","5":"product_cat-pelles-pour-manutention-sur-pneus","7":"first","8":"instock","9":"shipping-taxable","10":"product-type-simple"},"acf":[],"_links":{"self":[{"href":"https:\/\/bm-cat.com\/fr\/wp-json\/wp\/v2\/product\/7869","targetHints":{"allow":["GET"]}}],"collection":[{"href":"https:\/\/bm-cat.com\/fr\/wp-json\/wp\/v2\/product"}],"about":[{"href":"https:\/\/bm-cat.com\/fr\/wp-json\/wp\/v2\/types\/product"}],"replies":[{"embeddable":true,"href":"https:\/\/bm-cat.com\/fr\/wp-json\/wp\/v2\/comments?post=7869"}],"wp:attachment":[{"href":"https:\/\/bm-cat.com\/fr\/wp-json\/wp\/v2\/media?parent=7869"}],"wp:term":[{"taxonomy":"product_feature","embeddable":true,"href":"https:\/\/bm-cat.com\/fr\/wp-json\/wp\/v2\/product_feature?post=7869"},{"taxonomy":"product_cat","embeddable":true,"href":"https:\/\/bm-cat.com\/fr\/wp-json\/wp\/v2\/product_cat?post=7869"},{"taxonomy":"product_tag","embeddable":true,"href":"https:\/\/bm-cat.com\/fr\/wp-json\/wp\/v2\/product_tag?post=7869"}],"curies":[{"name":"wp","href":"https:\/\/api.w.org\/{rel}","templated":true}]}}