{"id":7880,"date":"2023-06-01T10:54:10","date_gmt":"2023-06-01T10:54:10","guid":{"rendered":"https:\/\/ppr.bm-cat.com\/fr\/product\/camion-citerne-777-07\/"},"modified":"2025-03-19T13:29:39","modified_gmt":"2025-03-19T13:29:39","slug":"camion-citerne-777-07","status":"publish","type":"product","link":"https:\/\/bm-cat.com\/fr\/product\/camion-citerne-777-07\/","title":{"rendered":"Camion-citerne 777 (07)"},"content":{"rendered":"<p>La description plus d\u00e9taill\u00e9e s&rsquo;int\u00e8gre ici<\/p>\n","protected":false},"excerpt":{"rendered":"<p>Cat\u00ae Water Solutions vous aide \u00e0 efficacement r\u00e9duire la poussi\u00e8re sur les pistes, afin d&rsquo;am\u00e9liorer la s\u00e9curit\u00e9 et augmenter la productivit\u00e9 sur votre chantier, votre carri\u00e8re ou votre exploitation mini\u00e8re. Un syst\u00e8me enti\u00e8rement int\u00e9gr\u00e9, comprenant l&rsquo;alimentation en eau, un r\u00e9servoir et un v\u00e9hicule, associ\u00e9 \u00e0 une technologie \u00e9volutive, vous permet de r\u00e9soudre les probl\u00e8mes de sur-arrosage et de sous-arrosage, offrant ainsi un fonctionnement durable. Cette solution d&rsquo;eau innovante est vendue et prise en charge par le concessionnaire Cat local que vous connaissez et en qui vous avez confiance.<\/p>\n","protected":false},"featured_media":0,"comment_status":"open","ping_status":"closed","template":"","meta":{"_acf_changed":false,"_sitemap_exclude":false,"_sitemap_priority":"","_sitemap_frequency":""},"product_feature":[],"product_cat":[382],"product_tag":[],"class_list":{"0":"post-7880","1":"product","2":"type-product","3":"status-publish","5":"product_cat-camions-d-arrosage","7":"first","8":"instock","9":"shipping-taxable","10":"product-type-simple"},"acf":[],"_links":{"self":[{"href":"https:\/\/bm-cat.com\/fr\/wp-json\/wp\/v2\/product\/7880","targetHints":{"allow":["GET"]}}],"collection":[{"href":"https:\/\/bm-cat.com\/fr\/wp-json\/wp\/v2\/product"}],"about":[{"href":"https:\/\/bm-cat.com\/fr\/wp-json\/wp\/v2\/types\/product"}],"replies":[{"embeddable":true,"href":"https:\/\/bm-cat.com\/fr\/wp-json\/wp\/v2\/comments?post=7880"}],"wp:attachment":[{"href":"https:\/\/bm-cat.com\/fr\/wp-json\/wp\/v2\/media?parent=7880"}],"wp:term":[{"taxonomy":"product_feature","embeddable":true,"href":"https:\/\/bm-cat.com\/fr\/wp-json\/wp\/v2\/product_feature?post=7880"},{"taxonomy":"product_cat","embeddable":true,"href":"https:\/\/bm-cat.com\/fr\/wp-json\/wp\/v2\/product_cat?post=7880"},{"taxonomy":"product_tag","embeddable":true,"href":"https:\/\/bm-cat.com\/fr\/wp-json\/wp\/v2\/product_tag?post=7880"}],"curies":[{"name":"wp","href":"https:\/\/api.w.org\/{rel}","templated":true}]}}